{"id":644,"date":"2021-06-30T11:47:00","date_gmt":"2021-06-30T11:47:00","guid":{"rendered":"https:\/\/eon.com.mx\/quienes-somos\/"},"modified":"2021-08-27T15:33:52","modified_gmt":"2021-08-27T20:33:52","slug":"about-us","status":"publish","type":"page","link":"https:\/\/eon.com.mx\/en\/about-us\/","title":{"rendered":"About Us"},"content":{"rendered":"<div id='av_section_1'  class='avia-section main_color avia-section-default avia-no-border-styling  avia-bg-style-scroll  avia-builder-el-0  avia-builder-el-no-sibling   container_wrap fullsize' style='background-color: #272727;  '  ><div class='container' ><main  role=\"main\" itemprop=\"mainContentOfPage\"  class='template-page content  av-content-full alpha units'><div class='post-entry post-entry-type-page post-entry-644'><div class='entry-content-wrapper clearfix'>\n<div class=\"flex_column av_one_full  av-animated-generic bottom-to-top  flex_column_div first  avia-builder-el-1  el_before_av_one_full  avia-builder-el-first  \" style='padding:0px 10% 0px 10% ; border-radius:0px; '><section class=\"av_textblock_section \"  itemscope=\"itemscope\" itemtype=\"https:\/\/schema.org\/CreativeWork\" ><div class='avia_textblock  '   itemprop=\"text\" ><p class=\"text-color-orange text-align-center text-8\">We are the ideal technological partners to promote your company&#8217;s growth<\/p>\n<\/div><\/section><\/div><div class=\"flex_column av_one_full  av-animated-generic bottom-to-top  flex_column_div av-zero-column-padding first  avia-builder-el-3  el_after_av_one_full  el_before_av_one_half  column-top-margin\" style='border-radius:0px; '><section class=\"av_textblock_section \"  itemscope=\"itemscope\" itemtype=\"https:\/\/schema.org\/CreativeWork\" ><div class='avia_textblock  '   itemprop=\"text\" ><p class=\"text-color-white text-align-center text-transform-uppercase font-weight-700 text-10\"><span class=\"orange-marker\">Our purpose<\/span><\/p>\n<p class=\"text-color-gray text-align-center font-weight-300 text-6\">Usar la tecnolog\u00eda para reinventar el mundo.<\/p>\n<\/div><\/section><\/div><div class='flex_column_table av-equal-height-column-flextable -flextable' ><div class=\"flex_column av_one_half  av-animated-generic bottom-to-top  flex_column_table_cell av-equal-height-column av-align-top av-zero-column-padding first  avia-builder-el-5  el_after_av_one_full  el_before_av_one_half  column-top-margin\" style='border-radius:0px; '><section class=\"av_textblock_section \"  itemscope=\"itemscope\" itemtype=\"https:\/\/schema.org\/CreativeWork\" ><div class='avia_textblock  '   itemprop=\"text\" ><p class=\"text-color-white text-align-center text-transform-uppercase font-weight-700 text-10\"><span class=\"orange-marker\">Our mission<\/span><\/p>\n<p class=\"text-color-gray text-align-center font-weight-300 text-6\">Enable competitive advantages to drive businesses that transform, innovate and inspire.<\/p>\n<\/div><\/section><\/div><div class='av-flex-placeholder'><\/div><div class=\"flex_column av_one_half  av-animated-generic bottom-to-top  flex_column_table_cell av-equal-height-column av-align-top av-zero-column-padding   avia-builder-el-7  el_after_av_one_half  el_before_av_one_full  column-top-margin\" style='border-radius:0px; '><section class=\"av_textblock_section \"  itemscope=\"itemscope\" itemtype=\"https:\/\/schema.org\/CreativeWork\" ><div class='avia_textblock  '   itemprop=\"text\" ><p class=\"text-color-white text-align-center text-transform-uppercase font-weight-700 text-10\"><span class=\"orange-marker\">Our vision<\/span><\/p>\n<p class=\"text-color-gray text-align-center font-weight-300 text-6\">In 2025 we will be the most recognized Mexican consultancy for the exceptional quality of its services, and in which every IT professional will aspire to collaborate.<\/p>\n<\/div><\/section><\/div><\/div><!--close column table wrapper. Autoclose: 1 --><div class=\"flex_column av_one_full  av-animated-generic bottom-to-top  flex_column_div av-zero-column-padding first  avia-builder-el-9  el_after_av_one_half  el_before_av_one_half  column-top-margin\" style='border-radius:0px; '><section class=\"av_textblock_section \"  itemscope=\"itemscope\" itemtype=\"https:\/\/schema.org\/CreativeWork\" ><div class='avia_textblock  '   itemprop=\"text\" ><h2 class=\"text-color-white text-align-center text-transform-uppercase font-weight-700 text-10\"><span class=\"orange-marker\">We are EON<span class=\"text-transform-none\">ers<\/span><\/span><\/h2>\n<\/div><\/section><\/div><div class='flex_column_table av-equal-height-column-flextable -flextable' ><div class=\"flex_column av_one_half  av-animated-generic bottom-to-top  flex_column_table_cell av-equal-height-column av-align-top av-zero-column-padding first  avia-builder-el-11  el_after_av_one_full  el_before_av_one_half  column-top-margin\" style='border-radius:0px; '><div  class='avia-image-container  av-styling-no-styling    avia-builder-el-12  avia-builder-el-no-sibling  avia-align-center '  itemprop=\"image\" itemscope=\"itemscope\" itemtype=\"https:\/\/schema.org\/ImageObject\"  ><div class='avia-image-container-inner'><div class='avia-image-overlay-wrap'><img decoding=\"async\" class='wp-image-578 avia-img-lazy-loading-not-578 avia_image' src=\"https:\/\/eon.com.mx\/wp-content\/uploads\/dummy-equipo-01.jpg\" alt='' title='dummy-equipo-01' height=\"640\" width=\"640\"  itemprop=\"thumbnailUrl\" srcset=\"https:\/\/eon.com.mx\/wp-content\/uploads\/dummy-equipo-01.jpg 640w, https:\/\/eon.com.mx\/wp-content\/uploads\/dummy-equipo-01-300x300.jpg 300w, https:\/\/eon.com.mx\/wp-content\/uploads\/dummy-equipo-01-80x80.jpg 80w, https:\/\/eon.com.mx\/wp-content\/uploads\/dummy-equipo-01-36x36.jpg 36w, https:\/\/eon.com.mx\/wp-content\/uploads\/dummy-equipo-01-180x180.jpg 180w\" sizes=\"(max-width: 640px) 100vw, 640px\" \/><\/div><\/div><\/div><\/div><div class='av-flex-placeholder'><\/div><div class=\"flex_column av_one_half  av-animated-generic bottom-to-top  flex_column_table_cell av-equal-height-column av-align-top av-zero-column-padding   avia-builder-el-13  el_after_av_one_half  el_before_av_one_half  column-top-margin\" style='border-radius:0px; '><div  class='avia-image-container  av-styling-no-styling    avia-builder-el-14  avia-builder-el-no-sibling  avia-align-center '  itemprop=\"image\" itemscope=\"itemscope\" itemtype=\"https:\/\/schema.org\/ImageObject\"  ><div class='avia-image-container-inner'><div class='avia-image-overlay-wrap'><img decoding=\"async\" class='wp-image-579 avia-img-lazy-loading-not-579 avia_image' src=\"https:\/\/eon.com.mx\/wp-content\/uploads\/dummy-equipo-02.jpg\" alt='' title='dummy-equipo-02' height=\"640\" width=\"640\"  itemprop=\"thumbnailUrl\" srcset=\"https:\/\/eon.com.mx\/wp-content\/uploads\/dummy-equipo-02.jpg 640w, https:\/\/eon.com.mx\/wp-content\/uploads\/dummy-equipo-02-300x300.jpg 300w, https:\/\/eon.com.mx\/wp-content\/uploads\/dummy-equipo-02-80x80.jpg 80w, https:\/\/eon.com.mx\/wp-content\/uploads\/dummy-equipo-02-36x36.jpg 36w, https:\/\/eon.com.mx\/wp-content\/uploads\/dummy-equipo-02-180x180.jpg 180w\" sizes=\"(max-width: 640px) 100vw, 640px\" \/><\/div><\/div><\/div><\/div><\/div><!--close column table wrapper. Autoclose: 1 --><div class='flex_column_table av-equal-height-column-flextable -flextable' style='margin-top:50px; margin-bottom:50px; '><div class=\"flex_column av_one_half  av-animated-generic bottom-to-top  flex_column_table_cell av-equal-height-column av-align-top av-zero-column-padding first  avia-builder-el-15  el_after_av_one_half  el_before_av_one_half  column-top-margin\" style='border-radius:0px; '><div  class='avia-image-container  av-styling-no-styling    avia-builder-el-16  avia-builder-el-no-sibling  avia-align-center '  itemprop=\"image\" itemscope=\"itemscope\" itemtype=\"https:\/\/schema.org\/ImageObject\"  ><div class='avia-image-container-inner'><div class='avia-image-overlay-wrap'><img decoding=\"async\" class='wp-image-581 avia-img-lazy-loading-not-581 avia_image' src=\"https:\/\/eon.com.mx\/wp-content\/uploads\/dummy-equipo-04.jpg\" alt='' title='dummy-equipo-04' height=\"640\" width=\"640\"  itemprop=\"thumbnailUrl\" srcset=\"https:\/\/eon.com.mx\/wp-content\/uploads\/dummy-equipo-04.jpg 640w, https:\/\/eon.com.mx\/wp-content\/uploads\/dummy-equipo-04-300x300.jpg 300w, https:\/\/eon.com.mx\/wp-content\/uploads\/dummy-equipo-04-80x80.jpg 80w, https:\/\/eon.com.mx\/wp-content\/uploads\/dummy-equipo-04-36x36.jpg 36w, https:\/\/eon.com.mx\/wp-content\/uploads\/dummy-equipo-04-180x180.jpg 180w\" sizes=\"(max-width: 640px) 100vw, 640px\" \/><\/div><\/div><\/div><\/div><div class='av-flex-placeholder'><\/div><div class=\"flex_column av_one_half  av-animated-generic bottom-to-top  flex_column_table_cell av-equal-height-column av-align-top av-zero-column-padding   avia-builder-el-17  el_after_av_one_half  el_before_av_one_full  column-top-margin\" style='border-radius:0px; '><div  class='avia-image-container  av-styling-no-styling    avia-builder-el-18  avia-builder-el-no-sibling  avia-align-center '  itemprop=\"image\" itemscope=\"itemscope\" itemtype=\"https:\/\/schema.org\/ImageObject\"  ><div class='avia-image-container-inner'><div class='avia-image-overlay-wrap'><img decoding=\"async\" class='wp-image-580 avia-img-lazy-loading-not-580 avia_image' src=\"https:\/\/eon.com.mx\/wp-content\/uploads\/dummy-equipo-03.jpg\" alt='' title='dummy-equipo-03' height=\"640\" width=\"640\"  itemprop=\"thumbnailUrl\" srcset=\"https:\/\/eon.com.mx\/wp-content\/uploads\/dummy-equipo-03.jpg 640w, https:\/\/eon.com.mx\/wp-content\/uploads\/dummy-equipo-03-300x300.jpg 300w, https:\/\/eon.com.mx\/wp-content\/uploads\/dummy-equipo-03-80x80.jpg 80w, https:\/\/eon.com.mx\/wp-content\/uploads\/dummy-equipo-03-36x36.jpg 36w, https:\/\/eon.com.mx\/wp-content\/uploads\/dummy-equipo-03-180x180.jpg 180w\" sizes=\"(max-width: 640px) 100vw, 640px\" \/><\/div><\/div><\/div><\/div><\/div><!--close column table wrapper. Autoclose: 1 --><div class=\"flex_column av_one_full  av-animated-generic bottom-to-top  flex_column_div av-zero-column-padding first  avia-builder-el-19  el_after_av_one_half  el_before_av_one_full  column-top-margin\" style='margin-top:50px; margin-bottom:0px; border-radius:0px; '><section class=\"av_textblock_section \"  itemscope=\"itemscope\" itemtype=\"https:\/\/schema.org\/CreativeWork\" ><div class='avia_textblock  '   itemprop=\"text\" ><h2 class=\"text-color-white text-align-center text-transform-none font-weight-700 text-10\"><span class=\"orange-marker\">Why being an <span class=\"text-transform-upperacase\">EON<\/span>ers?<\/span><\/h2>\n<p class=\"text-color-orange text-align-center font-weight-300 text-8\">5 reasons to join EON<\/p>\n<\/div><\/section><\/div><div class=\"flex_column av_one_full  av-animated-generic right-to-left  flex_column_div av-zero-column-padding first  avia-builder-el-21  el_after_av_one_full  el_before_av_one_full  column-top-margin\" style='border-radius:0px; '><\/div><div class=\"flex_column av_one_full  av-animated-generic right-to-left  flex_column_div av-zero-column-padding first  avia-builder-el-23  el_after_av_one_full  el_before_av_one_full  column-top-margin\" style='border-radius:0px; '><\/div><div class=\"flex_column av_one_full  av-animated-generic right-to-left  flex_column_div av-zero-column-padding first  avia-builder-el-25  el_after_av_one_full  el_before_av_one_full  column-top-margin\" style='border-radius:0px; '><\/div><div class=\"flex_column av_one_full  av-animated-generic right-to-left  flex_column_div av-zero-column-padding first  avia-builder-el-27  el_after_av_one_full  el_before_av_one_full  column-top-margin\" style='border-radius:0px; '><\/div><div class=\"flex_column av_one_full  av-animated-generic right-to-left  flex_column_div av-zero-column-padding first  avia-builder-el-29  el_after_av_one_full  el_before_av_one_full  column-top-margin\" style='border-radius:0px; '><\/div><div class=\"flex_column av_one_full  av-animated-generic right-to-left  flex_column_div av-zero-column-padding first  avia-builder-el-31  el_after_av_one_full  avia-builder-el-last  column-top-margin\" style='border-radius:0px; '><div  class='avia-button-wrap avia-button-center  avia-builder-el-32  avia-builder-el-no-sibling ' ><a href='https:\/\/eon.com.mx\/en\/jobs\/'  class='avia-button  avia-color-theme-color   avia-icon_select-no avia-size-large avia-position-center '   ><span class='avia_iconbox_title' >JOIN OUR TEAM<\/span><\/a><\/div><\/div>\n","protected":false},"excerpt":{"rendered":"","protected":false},"author":4,"featured_media":617,"parent":0,"menu_order":1,"comment_status":"closed","ping_status":"closed","template":"","meta":{"footnotes":""},"class_list":["post-644","page","type-page","status-publish","has-post-thumbnail","hentry"],"yoast_head":"<!-- This site is optimized with the Yoast SEO plugin v17.5 - https:\/\/yoast.com\/wordpress\/plugins\/seo\/ -->\n<title>EON - Igniting Business | Tus socios tecnol\u00f3gicos id\u00f3neos.<\/title>\n<meta name=\"description\" content=\"Business and Digital Solutions. Somos los socios tecnol\u00f3gicos id\u00f3neos para impulsar el crecimiento de tu empresa.\" \/>\n<meta name=\"robots\" content=\"index, follow, max-snippet:-1, max-image-preview:large, max-video-preview:-1\" \/>\n<link rel=\"canonical\" href=\"https:\/\/eon.com.mx\/en\/about-us\/\" \/>\n<meta property=\"og:locale\" content=\"en_US\" \/>\n<meta property=\"og:type\" content=\"article\" \/>\n<meta property=\"og:title\" content=\"EON - Igniting Business | Tus socios tecnol\u00f3gicos id\u00f3neos.\" \/>\n<meta property=\"og:description\" content=\"Business and Digital Solutions. Somos los socios tecnol\u00f3gicos id\u00f3neos para impulsar el crecimiento de tu empresa.\" \/>\n<meta property=\"og:url\" content=\"https:\/\/eon.com.mx\/en\/about-us\/\" \/>\n<meta property=\"og:site_name\" content=\"EON\" \/>\n<meta property=\"article:modified_time\" content=\"2021-08-27T20:33:52+00:00\" \/>\n<meta property=\"og:image\" content=\"https:\/\/eon.com.mx\/wp-content\/uploads\/eon-igniting-business-main.png\" \/>\n\t<meta property=\"og:image:width\" content=\"820\" \/>\n\t<meta property=\"og:image:height\" content=\"200\" \/>\n<meta name=\"twitter:card\" content=\"summary_large_image\" \/>\n<meta name=\"twitter:label1\" content=\"Est. reading time\" \/>\n\t<meta name=\"twitter:data1\" content=\"17 minutes\" \/>\n<script type=\"application\/ld+json\" class=\"yoast-schema-graph\">{\"@context\":\"https:\/\/schema.org\",\"@graph\":[{\"@type\":\"WebSite\",\"@id\":\"https:\/\/eon.com.mx\/#website\",\"url\":\"https:\/\/eon.com.mx\/\",\"name\":\"EON\",\"description\":\"Igniting Business\",\"potentialAction\":[{\"@type\":\"SearchAction\",\"target\":{\"@type\":\"EntryPoint\",\"urlTemplate\":\"https:\/\/eon.com.mx\/?s={search_term_string}\"},\"query-input\":\"required name=search_term_string\"}],\"inLanguage\":\"en-US\"},{\"@type\":\"ImageObject\",\"@id\":\"https:\/\/eon.com.mx\/en\/about-us\/#primaryimage\",\"inLanguage\":\"en-US\",\"url\":\"https:\/\/eon.com.mx\/wp-content\/uploads\/eon-igniting-business-main.png\",\"contentUrl\":\"https:\/\/eon.com.mx\/wp-content\/uploads\/eon-igniting-business-main.png\",\"width\":820,\"height\":200},{\"@type\":\"WebPage\",\"@id\":\"https:\/\/eon.com.mx\/en\/about-us\/#webpage\",\"url\":\"https:\/\/eon.com.mx\/en\/about-us\/\",\"name\":\"EON - Igniting Business | Tus socios tecnol\\u00f3gicos id\\u00f3neos.\",\"isPartOf\":{\"@id\":\"https:\/\/eon.com.mx\/#website\"},\"primaryImageOfPage\":{\"@id\":\"https:\/\/eon.com.mx\/en\/about-us\/#primaryimage\"},\"datePublished\":\"2021-06-30T11:47:00+00:00\",\"dateModified\":\"2021-08-27T20:33:52+00:00\",\"description\":\"Business and Digital Solutions. Somos los socios tecnol\\u00f3gicos id\\u00f3neos para impulsar el crecimiento de tu empresa.\",\"breadcrumb\":{\"@id\":\"https:\/\/eon.com.mx\/en\/about-us\/#breadcrumb\"},\"inLanguage\":\"en-US\",\"potentialAction\":[{\"@type\":\"ReadAction\",\"target\":[\"https:\/\/eon.com.mx\/en\/about-us\/\"]}]},{\"@type\":\"BreadcrumbList\",\"@id\":\"https:\/\/eon.com.mx\/en\/about-us\/#breadcrumb\",\"itemListElement\":[{\"@type\":\"ListItem\",\"position\":1,\"name\":\"Inicio\",\"item\":\"https:\/\/eon.com.mx\/en\/home\/\"},{\"@type\":\"ListItem\",\"position\":2,\"name\":\"About Us\"}]}]}<\/script>\n<!-- \/ Yoast SEO plugin. -->","yoast_head_json":{"title":"EON - Igniting Business | Tus socios tecnol\u00f3gicos id\u00f3neos.","description":"Business and Digital Solutions. Somos los socios tecnol\u00f3gicos id\u00f3neos para impulsar el crecimiento de tu empresa.","robots":{"index":"index","follow":"follow","max-snippet":"max-snippet:-1","max-image-preview":"max-image-preview:large","max-video-preview":"max-video-preview:-1"},"canonical":"https:\/\/eon.com.mx\/en\/about-us\/","og_locale":"en_US","og_type":"article","og_title":"EON - Igniting Business | Tus socios tecnol\u00f3gicos id\u00f3neos.","og_description":"Business and Digital Solutions. Somos los socios tecnol\u00f3gicos id\u00f3neos para impulsar el crecimiento de tu empresa.","og_url":"https:\/\/eon.com.mx\/en\/about-us\/","og_site_name":"EON","article_modified_time":"2021-08-27T20:33:52+00:00","og_image":[{"width":820,"height":200,"url":"https:\/\/eon.com.mx\/wp-content\/uploads\/eon-igniting-business-main.png","type":"image\/png"}],"twitter_card":"summary_large_image","twitter_misc":{"Est. reading time":"17 minutes"},"schema":{"@context":"https:\/\/schema.org","@graph":[{"@type":"WebSite","@id":"https:\/\/eon.com.mx\/#website","url":"https:\/\/eon.com.mx\/","name":"EON","description":"Igniting Business","potentialAction":[{"@type":"SearchAction","target":{"@type":"EntryPoint","urlTemplate":"https:\/\/eon.com.mx\/?s={search_term_string}"},"query-input":"required name=search_term_string"}],"inLanguage":"en-US"},{"@type":"ImageObject","@id":"https:\/\/eon.com.mx\/en\/about-us\/#primaryimage","inLanguage":"en-US","url":"https:\/\/eon.com.mx\/wp-content\/uploads\/eon-igniting-business-main.png","contentUrl":"https:\/\/eon.com.mx\/wp-content\/uploads\/eon-igniting-business-main.png","width":820,"height":200},{"@type":"WebPage","@id":"https:\/\/eon.com.mx\/en\/about-us\/#webpage","url":"https:\/\/eon.com.mx\/en\/about-us\/","name":"EON - Igniting Business | Tus socios tecnol\u00f3gicos id\u00f3neos.","isPartOf":{"@id":"https:\/\/eon.com.mx\/#website"},"primaryImageOfPage":{"@id":"https:\/\/eon.com.mx\/en\/about-us\/#primaryimage"},"datePublished":"2021-06-30T11:47:00+00:00","dateModified":"2021-08-27T20:33:52+00:00","description":"Business and Digital Solutions. Somos los socios tecnol\u00f3gicos id\u00f3neos para impulsar el crecimiento de tu empresa.","breadcrumb":{"@id":"https:\/\/eon.com.mx\/en\/about-us\/#breadcrumb"},"inLanguage":"en-US","potentialAction":[{"@type":"ReadAction","target":["https:\/\/eon.com.mx\/en\/about-us\/"]}]},{"@type":"BreadcrumbList","@id":"https:\/\/eon.com.mx\/en\/about-us\/#breadcrumb","itemListElement":[{"@type":"ListItem","position":1,"name":"Inicio","item":"https:\/\/eon.com.mx\/en\/home\/"},{"@type":"ListItem","position":2,"name":"About Us"}]}]}},"_links":{"self":[{"href":"https:\/\/eon.com.mx\/en\/wp-json\/wp\/v2\/pages\/644","targetHints":{"allow":["GET"]}}],"collection":[{"href":"https:\/\/eon.com.mx\/en\/wp-json\/wp\/v2\/pages"}],"about":[{"href":"https:\/\/eon.com.mx\/en\/wp-json\/wp\/v2\/types\/page"}],"author":[{"embeddable":true,"href":"https:\/\/eon.com.mx\/en\/wp-json\/wp\/v2\/users\/4"}],"replies":[{"embeddable":true,"href":"https:\/\/eon.com.mx\/en\/wp-json\/wp\/v2\/comments?post=644"}],"version-history":[{"count":5,"href":"https:\/\/eon.com.mx\/en\/wp-json\/wp\/v2\/pages\/644\/revisions"}],"predecessor-version":[{"id":947,"href":"https:\/\/eon.com.mx\/en\/wp-json\/wp\/v2\/pages\/644\/revisions\/947"}],"wp:featuredmedia":[{"embeddable":true,"href":"https:\/\/eon.com.mx\/en\/wp-json\/wp\/v2\/media\/617"}],"wp:attachment":[{"href":"https:\/\/eon.com.mx\/en\/wp-json\/wp\/v2\/media?parent=644"}],"curies":[{"name":"wp","href":"https:\/\/api.w.org\/{rel}","templated":true}]}}