{"id":696,"date":"2021-07-31T08:23:06","date_gmt":"2021-07-31T13:23:06","guid":{"rendered":"https:\/\/eon.com.mx\/?page_id=696"},"modified":"2021-08-27T15:46:18","modified_gmt":"2021-08-27T20:46:18","slug":"industries","status":"publish","type":"page","link":"https:\/\/eon.com.mx\/en\/industries\/","title":{"rendered":"Industries"},"content":{"rendered":"<div id='aplicaciones-empresariales'  class='avia-section main_color avia-section-default avia-no-border-styling  avia-bg-style-scroll  avia-builder-el-0  el_before_av_section  avia-builder-el-first  child-snap  av-minimum-height av-minimum-height-100  container_wrap fullsize' style='background-color: #272727;  '   data-av_minimum_height_pc='100'><div class='container' ><main  role=\"main\" itemprop=\"mainContentOfPage\"  class='template-page content  av-content-full alpha units'><div class='post-entry post-entry-type-page post-entry-696'><div class='entry-content-wrapper clearfix'>\n<div class='flex_column_table av-equal-height-column-flextable -flextable' ><div class=\"flex_column av_one_half  av-animated-generic left-to-right  flex_column_table_cell av-equal-height-column av-align-middle av-zero-column-padding first  avia-builder-el-1  el_before_av_one_half  avia-builder-el-first  \" style='border-radius:0px; '><br \/>\n<section class=\"av_textblock_section \"  itemscope=\"itemscope\" itemtype=\"https:\/\/schema.org\/CreativeWork\" ><div class='avia_textblock  av_inherit_color '  style='font-size:18px; color:#ffffff; '  itemprop=\"text\" ><p class=\"font-weight-600\" style=\"text-align: left;\">We provide customized solutions to financial and Fintech industry institutions, including banks, insurers, microfinance institutions, credit unions and all types of companies seeking to establish effective and digitally enabled financial processes. We make sure to add value that transforms the management and operation of personal and corporate finances.<\/p>\n<\/div><\/section><br \/>\n<section class=\"av_textblock_section \"  itemscope=\"itemscope\" itemtype=\"https:\/\/schema.org\/CreativeWork\" ><div class='avia_textblock  '   itemprop=\"text\" ><p><a href=\"https:\/\/eon.com.mx\/en\/industries\/banking-finance-and-insurance\/\">Learn More &gt;<\/a><\/p>\n<\/div><\/section><\/p><\/div><div class='av-flex-placeholder'><\/div><div class=\"flex_column av_one_half  av-animated-generic right-to-left  flex_column_table_cell av-equal-height-column av-align-middle av-zero-column-padding   avia-builder-el-5  el_after_av_one_half  avia-builder-el-last  \" style='border-radius:0px; '><div  class='avia-image-container  av-styling-    avia-builder-el-6  avia-builder-el-no-sibling  avia-align-center '  itemprop=\"image\" itemscope=\"itemscope\" itemtype=\"https:\/\/schema.org\/ImageObject\"  ><div class='avia-image-container-inner'><div class='avia-image-overlay-wrap'><img decoding=\"async\" class='wp-image-589 avia-img-lazy-loading-not-589 avia_image' src=\"https:\/\/eon.com.mx\/wp-content\/uploads\/industrias-banca-finanzas-seguros.png\" alt='Ciencia de Datos' title='industrias-banca-finanzas-seguros' height=\"500\" width=\"500\"  itemprop=\"thumbnailUrl\" srcset=\"https:\/\/eon.com.mx\/wp-content\/uploads\/industrias-banca-finanzas-seguros.png 500w, https:\/\/eon.com.mx\/wp-content\/uploads\/industrias-banca-finanzas-seguros-300x300.png 300w, https:\/\/eon.com.mx\/wp-content\/uploads\/industrias-banca-finanzas-seguros-80x80.png 80w, https:\/\/eon.com.mx\/wp-content\/uploads\/industrias-banca-finanzas-seguros-36x36.png 36w, https:\/\/eon.com.mx\/wp-content\/uploads\/industrias-banca-finanzas-seguros-180x180.png 180w\" sizes=\"(max-width: 500px) 100vw, 500px\" \/><\/div><\/div><\/div><\/div><\/div><!--close column table wrapper. Autoclose: 1 --><\/div><\/div><\/main><!-- close content main element --><\/div><\/div><div id='nube-analitica'  class='avia-section main_color avia-section-default avia-no-border-styling  avia-bg-style-scroll  avia-builder-el-7  el_after_av_section  el_before_av_section  child-snap  av-minimum-height av-minimum-height-100  container_wrap fullsize' style='background-color: #272727;  '   data-av_minimum_height_pc='100'><div class='container' ><div class='template-page content  av-content-full alpha units'><div class='post-entry post-entry-type-page post-entry-696'><div class='entry-content-wrapper clearfix'>\n<div class='flex_column_table av-equal-height-column-flextable -flextable' ><div class=\"flex_column av_one_half  av-animated-generic right-to-left  flex_column_table_cell av-equal-height-column av-align-middle av-zero-column-padding first  avia-builder-el-8  el_before_av_one_half  avia-builder-el-first  \" style='border-radius:0px; '><div  class='avia-image-container  av-styling-    avia-builder-el-9  avia-builder-el-no-sibling  avia-align-center '  itemprop=\"image\" itemscope=\"itemscope\" itemtype=\"https:\/\/schema.org\/ImageObject\"  ><div class='avia-image-container-inner'><div class='avia-image-overlay-wrap'><img decoding=\"async\" class='wp-image-592 avia-img-lazy-loading-not-592 avia_image' src=\"https:\/\/eon.com.mx\/wp-content\/uploads\/industrias-formacion-comunicacion-institucional.png\" alt='Perm\u00edtenos ayudarte a impulsar el ecosistema digital que tu empresa necesita.' title='industrias-formacion-comunicacion-institucional' height=\"500\" width=\"500\"  itemprop=\"thumbnailUrl\" srcset=\"https:\/\/eon.com.mx\/wp-content\/uploads\/industrias-formacion-comunicacion-institucional.png 500w, https:\/\/eon.com.mx\/wp-content\/uploads\/industrias-formacion-comunicacion-institucional-300x300.png 300w, https:\/\/eon.com.mx\/wp-content\/uploads\/industrias-formacion-comunicacion-institucional-80x80.png 80w, https:\/\/eon.com.mx\/wp-content\/uploads\/industrias-formacion-comunicacion-institucional-36x36.png 36w, https:\/\/eon.com.mx\/wp-content\/uploads\/industrias-formacion-comunicacion-institucional-180x180.png 180w\" sizes=\"(max-width: 500px) 100vw, 500px\" \/><\/div><\/div><\/div><\/div><div class='av-flex-placeholder'><\/div><div class=\"flex_column av_one_half  av-animated-generic left-to-right  flex_column_table_cell av-equal-height-column av-align-middle av-zero-column-padding   avia-builder-el-10  el_after_av_one_half  avia-builder-el-last  \" style='border-radius:0px; '><br \/>\n<section class=\"av_textblock_section \"  itemscope=\"itemscope\" itemtype=\"https:\/\/schema.org\/CreativeWork\" ><div class='avia_textblock  av_inherit_color '  style='font-size:18px; color:#ffffff; '  itemprop=\"text\" ><p class=\"font-weight-600\" style=\"text-align: left;\">Large companies take advantage of technology&#8217;s benefits to offer a smarter way of learning that reaches all their employees. Online education or e-learning has become a powerful tool to promote training and education with several applications both in universities that seek complementary channels to traditional spaces, like in large corporations that seek to keep their collaborators updated.<\/p>\n<\/div><\/section><br \/>\n<section class=\"av_textblock_section \"  itemscope=\"itemscope\" itemtype=\"https:\/\/schema.org\/CreativeWork\" ><div class='avia_textblock  '   itemprop=\"text\" ><p><a href=\"https:\/\/eon.com.mx\/en\/industries\/training-and-institutional-communication\/\">Learn More &gt;<\/a><\/p>\n<\/div><\/section><\/p><\/div><\/div><!--close column table wrapper. Autoclose: 1 --><\/div><\/div><\/div><!-- close content main div --><\/div><\/div><div id='soporte-consultoria'  class='avia-section main_color avia-section-default avia-no-border-styling  avia-bg-style-scroll  avia-builder-el-14  el_after_av_section  el_before_av_section  child-snap  av-minimum-height av-minimum-height-100  container_wrap fullsize' style='background-color: #272727;  '   data-av_minimum_height_pc='100'><div class='container' ><div class='template-page content  av-content-full alpha units'><div class='post-entry post-entry-type-page post-entry-696'><div class='entry-content-wrapper clearfix'>\n<div class='flex_column_table av-equal-height-column-flextable -flextable' ><div class=\"flex_column av_one_half  av-animated-generic left-to-right  flex_column_table_cell av-equal-height-column av-align-middle av-zero-column-padding first  avia-builder-el-15  el_before_av_one_half  avia-builder-el-first  \" style='border-radius:0px; '><br \/>\n<section class=\"av_textblock_section \"  itemscope=\"itemscope\" itemtype=\"https:\/\/schema.org\/CreativeWork\" ><div class='avia_textblock  av_inherit_color '  style='font-size:18px; color:#ffffff; '  itemprop=\"text\" ><p class=\"font-weight-600\" style=\"text-align: left;\">In the diverse markets, consumers have more opportunities and shopping options than ever before and to differentiate themselves, competitors must make use of mobile and web technologies. We integrate software that covers management transaction , inventory control and sales generation, always with the best user experience and the highest security in operations. Our customized solutions help companies make their operations more agile, more efficient, and easier to manage.<\/p>\n<\/div><\/section><br \/>\n<section class=\"av_textblock_section \"  itemscope=\"itemscope\" itemtype=\"https:\/\/schema.org\/CreativeWork\" ><div class='avia_textblock  '   itemprop=\"text\" ><p><a href=\"https:\/\/eon.com.mx\/en\/industries\/e-commerce-and-retail\/\">Learn More &gt;<\/a><\/p>\n<\/div><\/section><\/p><\/div><div class='av-flex-placeholder'><\/div><div class=\"flex_column av_one_half  av-animated-generic right-to-left  flex_column_table_cell av-equal-height-column av-align-middle av-zero-column-padding   avia-builder-el-19  el_after_av_one_half  avia-builder-el-last  \" style='border-radius:0px; '><div  class='avia-image-container  av-styling-    avia-builder-el-20  avia-builder-el-no-sibling  avia-align-center '  itemprop=\"image\" itemscope=\"itemscope\" itemtype=\"https:\/\/schema.org\/ImageObject\"  ><div class='avia-image-container-inner'><div class='avia-image-overlay-wrap'><img decoding=\"async\" class='wp-image-590 avia-img-lazy-loading-not-590 avia_image' src=\"https:\/\/eon.com.mx\/wp-content\/uploads\/industrias-ecommerce-retail.png\" alt='An\u00e1lisis predictivo' title='industrias-ecommerce-retail' height=\"500\" width=\"500\"  itemprop=\"thumbnailUrl\" srcset=\"https:\/\/eon.com.mx\/wp-content\/uploads\/industrias-ecommerce-retail.png 500w, https:\/\/eon.com.mx\/wp-content\/uploads\/industrias-ecommerce-retail-300x300.png 300w, https:\/\/eon.com.mx\/wp-content\/uploads\/industrias-ecommerce-retail-80x80.png 80w, https:\/\/eon.com.mx\/wp-content\/uploads\/industrias-ecommerce-retail-36x36.png 36w, https:\/\/eon.com.mx\/wp-content\/uploads\/industrias-ecommerce-retail-180x180.png 180w\" sizes=\"(max-width: 500px) 100vw, 500px\" \/><\/div><\/div><\/div><\/div><\/div><!--close column table wrapper. Autoclose: 1 --><\/div><\/div><\/div><!-- close content main div --><\/div><\/div><div id='nube-analitica'  class='avia-section main_color avia-section-default avia-no-border-styling  avia-bg-style-scroll  avia-builder-el-21  el_after_av_section  el_before_av_section  child-snap  av-minimum-height av-minimum-height-100  container_wrap fullsize' style='background-color: #272727;  '   data-av_minimum_height_pc='100'><div class='container' ><div class='template-page content  av-content-full alpha units'><div class='post-entry post-entry-type-page post-entry-696'><div class='entry-content-wrapper clearfix'>\n<div class='flex_column_table av-equal-height-column-flextable -flextable' ><div class=\"flex_column av_one_half  av-animated-generic right-to-left  flex_column_table_cell av-equal-height-column av-align-middle av-zero-column-padding first  avia-builder-el-22  el_before_av_one_half  avia-builder-el-first  \" style='border-radius:0px; '><div  class='avia-image-container  av-styling-    avia-builder-el-23  avia-builder-el-no-sibling  avia-align-center '  itemprop=\"image\" itemscope=\"itemscope\" itemtype=\"https:\/\/schema.org\/ImageObject\"  ><div class='avia-image-container-inner'><div class='avia-image-overlay-wrap'><img decoding=\"async\" class='wp-image-591 avia-img-lazy-loading-not-591 avia_image' src=\"https:\/\/eon.com.mx\/wp-content\/uploads\/industrias-enrolamiento.png\" alt='Ciencia de Datos' title='industrias-enrolamiento' height=\"500\" width=\"500\"  itemprop=\"thumbnailUrl\" srcset=\"https:\/\/eon.com.mx\/wp-content\/uploads\/industrias-enrolamiento.png 500w, https:\/\/eon.com.mx\/wp-content\/uploads\/industrias-enrolamiento-300x300.png 300w, https:\/\/eon.com.mx\/wp-content\/uploads\/industrias-enrolamiento-80x80.png 80w, https:\/\/eon.com.mx\/wp-content\/uploads\/industrias-enrolamiento-36x36.png 36w, https:\/\/eon.com.mx\/wp-content\/uploads\/industrias-enrolamiento-180x180.png 180w\" sizes=\"(max-width: 500px) 100vw, 500px\" \/><\/div><\/div><\/div><\/div><div class='av-flex-placeholder'><\/div><div class=\"flex_column av_one_half  av-animated-generic left-to-right  flex_column_table_cell av-equal-height-column av-align-middle av-zero-column-padding   avia-builder-el-24  el_after_av_one_half  avia-builder-el-last  \" style='border-radius:0px; '><br \/>\n<section class=\"av_textblock_section \"  itemscope=\"itemscope\" itemtype=\"https:\/\/schema.org\/CreativeWork\" ><div class='avia_textblock  av_inherit_color '  style='font-size:18px; color:#ffffff; '  itemprop=\"text\" ><p class=\"font-weight-600\" style=\"text-align: left;\">The increasingly competitive and globalized environment has demanded that companies implement new work models to manage equipment remotely, agilely integrate the right talent into their ranks and make the benefits and events offered from the central office reach their collaborators.<\/p>\n<\/div><\/section><br \/>\n<section class=\"av_textblock_section \"  itemscope=\"itemscope\" itemtype=\"https:\/\/schema.org\/CreativeWork\" ><div class='avia_textblock  '   itemprop=\"text\" ><p><a href=\"https:\/\/eon.com.mx\/en\/industries\/collaborators-enrollment-and-employee-benefits\/\">Learn More &gt;<\/a><\/p>\n<\/div><\/section><\/p><\/div><\/div><!--close column table wrapper. Autoclose: 1 --><\/div><\/div><\/div><!-- close content main div --><\/div><\/div><div id='soporte-consultoria'  class='avia-section main_color avia-section-default avia-no-border-styling  avia-bg-style-scroll  avia-builder-el-28  el_after_av_section  avia-builder-el-last  child-snap  av-minimum-height av-minimum-height-100  container_wrap fullsize' style='background-color: #272727;  '   data-av_minimum_height_pc='100'><div class='container' ><div class='template-page content  av-content-full alpha units'><div class='post-entry post-entry-type-page post-entry-696'><div class='entry-content-wrapper clearfix'>\n<div class='flex_column_table av-equal-height-column-flextable -flextable' ><div class=\"flex_column av_one_half  av-animated-generic left-to-right  flex_column_table_cell av-equal-height-column av-align-middle av-zero-column-padding first  avia-builder-el-29  el_before_av_one_half  avia-builder-el-first  \" style='border-radius:0px; '><br \/>\n<section class=\"av_textblock_section \"  itemscope=\"itemscope\" itemtype=\"https:\/\/schema.org\/CreativeWork\" ><div class='avia_textblock  av_inherit_color '  style='font-size:18px; color:#ffffff; '  itemprop=\"text\" ><p class=\"font-weight-600\" style=\"text-align: left;\">Knowledge of consumers&#8217; purchasing intentions increases market knowledge and encourages the creation of competitive advantages in companies. All industries are changing, consumers have new consumption habits, other needs and preferences, which is why companies seek to enable new channels to interact with their customers, to offer them faster assistance and provide them with better accessibility to additional services or products.<\/p>\n<\/div><\/section><br \/>\n<section class=\"av_textblock_section \"  itemscope=\"itemscope\" itemtype=\"https:\/\/schema.org\/CreativeWork\" ><div class='avia_textblock  '   itemprop=\"text\" ><p><a href=\"https:\/\/eon.com.mx\/en\/industries\/market-reserch\/\">Learn More &gt;<\/a><\/p>\n<\/div><\/section><\/p><\/div><div class='av-flex-placeholder'><\/div><div class=\"flex_column av_one_half  av-animated-generic right-to-left  flex_column_table_cell av-equal-height-column av-align-middle av-zero-column-padding   avia-builder-el-33  el_after_av_one_half  avia-builder-el-last  \" style='border-radius:0px; '><div  class='avia-image-container  av-styling-    avia-builder-el-34  avia-builder-el-no-sibling  avia-align-center '  itemprop=\"image\" itemscope=\"itemscope\" itemtype=\"https:\/\/schema.org\/ImageObject\"  ><div class='avia-image-container-inner'><div class='avia-image-overlay-wrap'><img decoding=\"async\" class='wp-image-593 avia-img-lazy-loading-not-593 avia_image' src=\"https:\/\/eon.com.mx\/wp-content\/uploads\/industrias-investigacion-mercado.png\" alt='Perm\u00edtenos ayudarte a impulsar el ecosistema digital que tu empresa necesita.' title='industrias-investigacion-mercado' height=\"500\" width=\"500\"  itemprop=\"thumbnailUrl\" srcset=\"https:\/\/eon.com.mx\/wp-content\/uploads\/industrias-investigacion-mercado.png 500w, https:\/\/eon.com.mx\/wp-content\/uploads\/industrias-investigacion-mercado-300x300.png 300w, https:\/\/eon.com.mx\/wp-content\/uploads\/industrias-investigacion-mercado-80x80.png 80w, https:\/\/eon.com.mx\/wp-content\/uploads\/industrias-investigacion-mercado-36x36.png 36w, https:\/\/eon.com.mx\/wp-content\/uploads\/industrias-investigacion-mercado-180x180.png 180w\" sizes=\"(max-width: 500px) 100vw, 500px\" \/><\/div><\/div><\/div><\/div><\/div><!--close column table wrapper. Autoclose: 1 --><\/p>\n","protected":false},"excerpt":{"rendered":"","protected":false},"author":4,"featured_media":589,"parent":0,"menu_order":13,"comment_status":"closed","ping_status":"closed","template":"","meta":{"footnotes":""},"class_list":["post-696","page","type-page","status-publish","has-post-thumbnail","hentry"],"yoast_head":"<!-- This site is optimized with the Yoast SEO plugin v17.5 - https:\/\/yoast.com\/wordpress\/plugins\/seo\/ -->\n<title>EON | Somos socios tecnol\u00f3gicos id\u00f3neos para todo tipo de industrias.<\/title>\n<meta name=\"description\" content=\"Banca, Finanzas y Seguros. Formaci\u00f3n y Comunicaci\u00f3n Institucional. E-Commerce y Retail, Investigaci\u00f3n de mercados, etc.\" \/>\n<meta name=\"robots\" content=\"index, follow, max-snippet:-1, max-image-preview:large, max-video-preview:-1\" \/>\n<link rel=\"canonical\" href=\"https:\/\/eon.com.mx\/en\/industries\/\" \/>\n<meta property=\"og:locale\" content=\"en_US\" \/>\n<meta property=\"og:type\" content=\"article\" \/>\n<meta property=\"og:title\" content=\"EON | Somos socios tecnol\u00f3gicos id\u00f3neos para todo tipo de industrias.\" \/>\n<meta property=\"og:description\" content=\"Banca, Finanzas y Seguros. Formaci\u00f3n y Comunicaci\u00f3n Institucional. E-Commerce y Retail, Investigaci\u00f3n de mercados, etc.\" \/>\n<meta property=\"og:url\" content=\"https:\/\/eon.com.mx\/en\/industries\/\" \/>\n<meta property=\"og:site_name\" content=\"EON\" \/>\n<meta property=\"article:modified_time\" content=\"2021-08-27T20:46:18+00:00\" \/>\n<meta property=\"og:image\" content=\"https:\/\/eon.com.mx\/wp-content\/uploads\/industrias-banca-finanzas-seguros.png\" \/>\n\t<meta property=\"og:image:width\" content=\"500\" \/>\n\t<meta property=\"og:image:height\" content=\"500\" \/>\n<meta name=\"twitter:card\" content=\"summary_large_image\" \/>\n<meta name=\"twitter:label1\" content=\"Est. reading time\" \/>\n\t<meta name=\"twitter:data1\" content=\"17 minutes\" \/>\n<script type=\"application\/ld+json\" class=\"yoast-schema-graph\">{\"@context\":\"https:\/\/schema.org\",\"@graph\":[{\"@type\":\"WebSite\",\"@id\":\"https:\/\/eon.com.mx\/#website\",\"url\":\"https:\/\/eon.com.mx\/\",\"name\":\"EON\",\"description\":\"Igniting Business\",\"potentialAction\":[{\"@type\":\"SearchAction\",\"target\":{\"@type\":\"EntryPoint\",\"urlTemplate\":\"https:\/\/eon.com.mx\/?s={search_term_string}\"},\"query-input\":\"required name=search_term_string\"}],\"inLanguage\":\"en-US\"},{\"@type\":\"ImageObject\",\"@id\":\"https:\/\/eon.com.mx\/en\/industries\/#primaryimage\",\"inLanguage\":\"en-US\",\"url\":\"https:\/\/eon.com.mx\/wp-content\/uploads\/industrias-banca-finanzas-seguros.png\",\"contentUrl\":\"https:\/\/eon.com.mx\/wp-content\/uploads\/industrias-banca-finanzas-seguros.png\",\"width\":500,\"height\":500,\"caption\":\"Ciencia de Datos Creamos modelos que mejoran los resultados en la b\\u00fasqueda de nuevos clientes.\"},{\"@type\":\"WebPage\",\"@id\":\"https:\/\/eon.com.mx\/en\/industries\/#webpage\",\"url\":\"https:\/\/eon.com.mx\/en\/industries\/\",\"name\":\"EON | Somos socios tecnol\\u00f3gicos id\\u00f3neos para todo tipo de industrias.\",\"isPartOf\":{\"@id\":\"https:\/\/eon.com.mx\/#website\"},\"primaryImageOfPage\":{\"@id\":\"https:\/\/eon.com.mx\/en\/industries\/#primaryimage\"},\"datePublished\":\"2021-07-31T13:23:06+00:00\",\"dateModified\":\"2021-08-27T20:46:18+00:00\",\"description\":\"Banca, Finanzas y Seguros. Formaci\\u00f3n y Comunicaci\\u00f3n Institucional. E-Commerce y Retail, Investigaci\\u00f3n de mercados, etc.\",\"breadcrumb\":{\"@id\":\"https:\/\/eon.com.mx\/en\/industries\/#breadcrumb\"},\"inLanguage\":\"en-US\",\"potentialAction\":[{\"@type\":\"ReadAction\",\"target\":[\"https:\/\/eon.com.mx\/en\/industries\/\"]}]},{\"@type\":\"BreadcrumbList\",\"@id\":\"https:\/\/eon.com.mx\/en\/industries\/#breadcrumb\",\"itemListElement\":[{\"@type\":\"ListItem\",\"position\":1,\"name\":\"Inicio\",\"item\":\"https:\/\/eon.com.mx\/en\/home\/\"},{\"@type\":\"ListItem\",\"position\":2,\"name\":\"Industries\"}]}]}<\/script>\n<!-- \/ Yoast SEO plugin. -->","yoast_head_json":{"title":"EON | Somos socios tecnol\u00f3gicos id\u00f3neos para todo tipo de industrias.","description":"Banca, Finanzas y Seguros. Formaci\u00f3n y Comunicaci\u00f3n Institucional. E-Commerce y Retail, Investigaci\u00f3n de mercados, etc.","robots":{"index":"index","follow":"follow","max-snippet":"max-snippet:-1","max-image-preview":"max-image-preview:large","max-video-preview":"max-video-preview:-1"},"canonical":"https:\/\/eon.com.mx\/en\/industries\/","og_locale":"en_US","og_type":"article","og_title":"EON | Somos socios tecnol\u00f3gicos id\u00f3neos para todo tipo de industrias.","og_description":"Banca, Finanzas y Seguros. Formaci\u00f3n y Comunicaci\u00f3n Institucional. E-Commerce y Retail, Investigaci\u00f3n de mercados, etc.","og_url":"https:\/\/eon.com.mx\/en\/industries\/","og_site_name":"EON","article_modified_time":"2021-08-27T20:46:18+00:00","og_image":[{"width":500,"height":500,"url":"https:\/\/eon.com.mx\/wp-content\/uploads\/industrias-banca-finanzas-seguros.png","type":"image\/png"}],"twitter_card":"summary_large_image","twitter_misc":{"Est. reading time":"17 minutes"},"schema":{"@context":"https:\/\/schema.org","@graph":[{"@type":"WebSite","@id":"https:\/\/eon.com.mx\/#website","url":"https:\/\/eon.com.mx\/","name":"EON","description":"Igniting Business","potentialAction":[{"@type":"SearchAction","target":{"@type":"EntryPoint","urlTemplate":"https:\/\/eon.com.mx\/?s={search_term_string}"},"query-input":"required name=search_term_string"}],"inLanguage":"en-US"},{"@type":"ImageObject","@id":"https:\/\/eon.com.mx\/en\/industries\/#primaryimage","inLanguage":"en-US","url":"https:\/\/eon.com.mx\/wp-content\/uploads\/industrias-banca-finanzas-seguros.png","contentUrl":"https:\/\/eon.com.mx\/wp-content\/uploads\/industrias-banca-finanzas-seguros.png","width":500,"height":500,"caption":"Ciencia de Datos Creamos modelos que mejoran los resultados en la b\u00fasqueda de nuevos clientes."},{"@type":"WebPage","@id":"https:\/\/eon.com.mx\/en\/industries\/#webpage","url":"https:\/\/eon.com.mx\/en\/industries\/","name":"EON | Somos socios tecnol\u00f3gicos id\u00f3neos para todo tipo de industrias.","isPartOf":{"@id":"https:\/\/eon.com.mx\/#website"},"primaryImageOfPage":{"@id":"https:\/\/eon.com.mx\/en\/industries\/#primaryimage"},"datePublished":"2021-07-31T13:23:06+00:00","dateModified":"2021-08-27T20:46:18+00:00","description":"Banca, Finanzas y Seguros. Formaci\u00f3n y Comunicaci\u00f3n Institucional. E-Commerce y Retail, Investigaci\u00f3n de mercados, etc.","breadcrumb":{"@id":"https:\/\/eon.com.mx\/en\/industries\/#breadcrumb"},"inLanguage":"en-US","potentialAction":[{"@type":"ReadAction","target":["https:\/\/eon.com.mx\/en\/industries\/"]}]},{"@type":"BreadcrumbList","@id":"https:\/\/eon.com.mx\/en\/industries\/#breadcrumb","itemListElement":[{"@type":"ListItem","position":1,"name":"Inicio","item":"https:\/\/eon.com.mx\/en\/home\/"},{"@type":"ListItem","position":2,"name":"Industries"}]}]}},"_links":{"self":[{"href":"https:\/\/eon.com.mx\/en\/wp-json\/wp\/v2\/pages\/696","targetHints":{"allow":["GET"]}}],"collection":[{"href":"https:\/\/eon.com.mx\/en\/wp-json\/wp\/v2\/pages"}],"about":[{"href":"https:\/\/eon.com.mx\/en\/wp-json\/wp\/v2\/types\/page"}],"author":[{"embeddable":true,"href":"https:\/\/eon.com.mx\/en\/wp-json\/wp\/v2\/users\/4"}],"replies":[{"embeddable":true,"href":"https:\/\/eon.com.mx\/en\/wp-json\/wp\/v2\/comments?post=696"}],"version-history":[{"count":4,"href":"https:\/\/eon.com.mx\/en\/wp-json\/wp\/v2\/pages\/696\/revisions"}],"predecessor-version":[{"id":766,"href":"https:\/\/eon.com.mx\/en\/wp-json\/wp\/v2\/pages\/696\/revisions\/766"}],"wp:featuredmedia":[{"embeddable":true,"href":"https:\/\/eon.com.mx\/en\/wp-json\/wp\/v2\/media\/589"}],"wp:attachment":[{"href":"https:\/\/eon.com.mx\/en\/wp-json\/wp\/v2\/media?parent=696"}],"curies":[{"name":"wp","href":"https:\/\/api.w.org\/{rel}","templated":true}]}}