{"id":699,"date":"2021-07-31T08:23:28","date_gmt":"2021-07-31T13:23:28","guid":{"rendered":"https:\/\/eon.com.mx\/?page_id=699"},"modified":"2021-08-27T15:46:56","modified_gmt":"2021-08-27T20:46:56","slug":"banking-finance-and-insurance","status":"publish","type":"page","link":"https:\/\/eon.com.mx\/en\/industries\/banking-finance-and-insurance\/","title":{"rendered":"Banking, finance and insurance"},"content":{"rendered":"<div id='full_slider_1'  class='avia-fullwidth-slider main_color avia-shadow   avia-builder-el-0  el_before_av_section  avia-builder-el-first   container_wrap fullsize' style=' '  ><div   data-size='no scaling'  data-lightbox_size='large'  data-animation='slide'  data-conditional_play=''  data-ids='375'  data-video_counter='0'  data-autoplay='false'  data-bg_slider='false'  data-slide_height=''  data-handle='av_slideshow_full'  data-interval='5'  data-class=' '  data-el_id=''  data-css_id=''  data-scroll_down=''  data-control_layout='av-control-hidden'  data-custom_markup=''  data-perma_caption=''  data-autoplay_stopper=''  data-image_attachment=''  data-min_height='0px'  data-lazy_loading='disabled'  data-src=''  data-position='top left'  data-repeat='no-repeat'  data-attach='scroll'  data-stretch=''  class='avia-slideshow avia-slideshow-1  av-control-hidden av-default-height-applied avia-slideshow-no scaling av_slideshow_full   avia-slide-slider '  itemprop=\"image\" itemscope=\"itemscope\" itemtype=\"https:\/\/schema.org\/ImageObject\" ><ul class='avia-slideshow-inner ' style='padding-bottom: 34.1796875%;' ><li  class=' av-single-slide slide-1 ' ><div data-rel='slideshow-1' class='avia-slide-wrap '   ><img decoding=\"async\" class=\"wp-image-594 avia-img-lazy-loading-not-594\"  src=\"https:\/\/eon.com.mx\/wp-content\/uploads\/industrias-banca.jpg\" width=\"1024\" height=\"350\" title='industrias-banca' alt='Brindamos soluciones personalizadas a instituciones de la industria financiera y Fintech.'  itemprop=\"thumbnailUrl\" srcset=\"https:\/\/eon.com.mx\/wp-content\/uploads\/industrias-banca.jpg 1024w, https:\/\/eon.com.mx\/wp-content\/uploads\/industrias-banca-300x103.jpg 300w, https:\/\/eon.com.mx\/wp-content\/uploads\/industrias-banca-768x263.jpg 768w, https:\/\/eon.com.mx\/wp-content\/uploads\/industrias-banca-705x241.jpg 705w\" sizes=\"(max-width: 1024px) 100vw, 1024px\" \/><\/div><\/li><\/ul><\/div><\/div>\n<div id='av_section_1'  class='avia-section main_color avia-section-huge avia-no-border-styling  avia-bg-style-scroll  avia-builder-el-1  el_after_av_slideshow_full  el_before_av_layout_row   container_wrap fullsize' style=' '  ><div class='container' ><div class='template-page content  av-content-full alpha units'><div class='post-entry post-entry-type-page post-entry-699'><div class='entry-content-wrapper clearfix'>\n<div class=\"flex_column av_one_full  av-animated-generic bottom-to-top  flex_column_div av-zero-column-padding first  avia-builder-el-2  avia-builder-el-no-sibling  \" style='border-radius:0px; '><section class=\"av_textblock_section \"  itemscope=\"itemscope\" itemtype=\"https:\/\/schema.org\/CreativeWork\" ><div class='avia_textblock  '   itemprop=\"text\" ><p class=\"text-6\" style=\"text-align: center;\"><span class=\"font-weight-700\">We provide <span class=\"orange-marker\">customized solutions<\/span> to financial and Fintech industry institutions<\/span>, including banks, insurers, microfinance institutions, credit unions and all types of companies seeking to establish effective and digitally enabled financial processes. We make sure to add value that transforms the management and operation of personal and corporate finances<\/p>\n<p class=\"text-6\" style=\"text-align: center;\"><span class=\"font-weight-700\">Our solutions streamline transaction processes<\/span>, mobile banking, risk management, the exploitation of information and the enrollment of new clients. We have the experience to meet the demands of the internal processes of integration of technological solutions.<\/p>\n<\/div><\/section><\/div><\/div><\/div><\/div><!-- close content main div --><\/div><\/div><div id='av-layout-grid-1'  class='av-layout-grid-container entry-content-wrapper main_color av-flex-cells     avia-builder-el-4  el_after_av_section  el_before_av_layout_row  submenu-not-first container_wrap fullsize' style=' '  >\n<div class=\"flex_cell no_margin av_one_half  avia-builder-el-5  el_before_av_cell_one_half  avia-builder-el-first   \"  style='height:600px; min-height:600px;background: #f0f0f0; vertical-align:middle; padding:50px 10% 50px 10% ; background-color:#f0f0f0; ' ><div class='flex_cell_inner' ><div class=\"flex_column av_one_full  av-animated-generic fade-in  flex_column_div av-zero-column-padding first  avia-builder-el-6  avia-builder-el-no-sibling  \" style='border-radius:0px; '><br \/>\n<section class=\"av_textblock_section \"  itemscope=\"itemscope\" itemtype=\"https:\/\/schema.org\/CreativeWork\" ><div class='avia_textblock  '  style='font-size:22px; '  itemprop=\"text\" ><p style=\"text-align: left;\">We help banks, insurance and finance companies with the modernization of legacy systems, the financial management software implementation , solutions for customer acquisition, business processes and customer qualification.<\/p>\n<\/div><\/section><\/p><\/div>\n<\/div><\/div><div class=\"flex_cell no_margin av_one_half  avia-builder-el-9  el_after_av_cell_one_half  avia-builder-el-last   avia-full-stretch \"  style='height:600px; min-height:600px;background:url(https:\/\/eon.com.mx\/wp-content\/uploads\/industrias-desarrollo-software.jpg) center center no-repeat scroll; vertical-align:middle; padding:50px; ' ><div class='flex_cell_inner' ><\/div><\/div><\/div><div id='av-layout-grid-2'  class='av-layout-grid-container entry-content-wrapper main_color av-flex-cells     avia-builder-el-10  el_after_av_layout_row  el_before_av_section  submenu-not-first container_wrap fullsize' style=' '  >\n<div class=\"flex_cell no_margin av_one_half  avia-builder-el-11  el_before_av_cell_one_half  avia-builder-el-first   avia-full-stretch \"  style='height:600px; min-height:600px;background:url(https:\/\/eon.com.mx\/wp-content\/uploads\/industrias-riesgos.jpg) center center no-repeat scroll; vertical-align:middle; padding:50px; ' ><div class='flex_cell_inner' ><\/div><\/div><div class=\"flex_cell no_margin av_one_half  avia-builder-el-12  el_after_av_cell_one_half  avia-builder-el-last   avia-full-stretch \"  style='height:600px; min-height:600px;background: #f0f0f0; vertical-align:middle; padding:50px 10% 50px 10% ; background-color:#f0f0f0; ' ><div class='flex_cell_inner' ><div class=\"flex_column av_one_full  av-animated-generic fade-in  flex_column_div av-zero-column-padding first  avia-builder-el-13  avia-builder-el-no-sibling  \" style='border-radius:0px; '><br \/>\n<section class=\"av_textblock_section \"  itemscope=\"itemscope\" itemtype=\"https:\/\/schema.org\/CreativeWork\" ><div class='avia_textblock  '  style='font-size:22px; '  itemprop=\"text\" ><p style=\"text-align: left;\">We implement advanced data analytics solutions for risk management and fraud prevention. We integrate applications and interfaces focused on normative and regulatory compliance.<\/p>\n<\/div><\/section><\/p><\/div>\n<\/div><\/div><\/div><div id='av_section_2'  class='avia-section main_color avia-section-default avia-no-border-styling  avia-full-contain avia-bg-style-scroll  avia-builder-el-16  el_after_av_layout_row  el_before_av_layout_row  announcement  av-minimum-height av-minimum-height-custom  container_wrap fullsize' style='background-repeat: no-repeat; background-image: url(https:\/\/eon.com.mx\/wp-content\/uploads\/eon-banner-symbol.png);background-attachment: scroll; background-position: center right;  '  data-section-bg-repeat='contain'><div class='container' style='height:590px'><div class='template-page content  av-content-full alpha units'><div class='post-entry post-entry-type-page post-entry-699'><div class='entry-content-wrapper clearfix'>\n<div class=\"flex_column av_one_half  av-animated-generic bottom-to-top  flex_column_div av-zero-column-padding first  avia-builder-el-17  el_before_av_one_half  avia-builder-el-first  \" style='border-radius:0px; '><section class=\"av_textblock_section \"  itemscope=\"itemscope\" itemtype=\"https:\/\/schema.org\/CreativeWork\" ><div class='avia_textblock  av_inherit_color '  style='color:#cccccc; '  itemprop=\"text\" ><p class=\"font-weight-900 text-10\" style=\"text-align: center;\">Let us help you to boost the digital ecosystem that your company needs.<\/p>\n<\/div><\/section><br \/>\n<div  class='avia-button-wrap avia-button-center  avia-builder-el-19  el_after_av_textblock  avia-builder-el-last ' ><a href='#wow-modal-id-2'  class='avia-button  avia-color-theme-color   avia-icon_select-no avia-size-large avia-position-center '   ><span class='avia_iconbox_title' >Ask for free advice<\/span><\/a><\/div><\/p><\/div><div class=\"flex_column av_one_half  flex_column_div av-zero-column-padding   avia-builder-el-20  el_after_av_one_half  avia-builder-el-last  \" style='border-radius:0px; '><\/div><\/div><\/div><\/div><!-- close content main div --><\/div><\/div><div id='av-layout-grid-3'  class='av-layout-grid-container entry-content-wrapper main_color av-flex-cells     avia-builder-el-21  el_after_av_section  el_before_av_layout_row  submenu-not-first container_wrap fullsize' style=' '  >\n<div class=\"flex_cell no_margin av_one_half  avia-builder-el-22  el_before_av_cell_one_half  avia-builder-el-first   \"  style='height:600px; min-height:600px;background: #f0f0f0; vertical-align:middle; padding:50px 10% 50px 10% ; background-color:#f0f0f0; ' ><div class='flex_cell_inner' ><div class=\"flex_column av_one_full  av-animated-generic fade-in  flex_column_div av-zero-column-padding first  avia-builder-el-23  avia-builder-el-no-sibling  \" style='border-radius:0px; '><br \/>\n<section class=\"av_textblock_section \"  itemscope=\"itemscope\" itemtype=\"https:\/\/schema.org\/CreativeWork\" ><div class='avia_textblock  '  style='font-size:22px; '  itemprop=\"text\" ><p style=\"text-align: left;\">Solutions Integration from customer acquisition to the eWallet<\/p>\n<p style=\"text-align: left;\">We develop multi platform financial applications with the best user experience, that fulfill with security standards information.<\/p>\n<\/div><\/section><\/p><\/div>\n<\/div><\/div><div class=\"flex_cell no_margin av_one_half  avia-builder-el-26  el_after_av_cell_one_half  avia-builder-el-last   avia-full-stretch \"  style='height:600px; min-height:600px;background:url(https:\/\/eon.com.mx\/wp-content\/uploads\/industrias-movil-banca.jpg) center center no-repeat scroll; vertical-align:middle; padding:50px; ' ><div class='flex_cell_inner' ><\/div><\/div><\/div><div id='av-layout-grid-4'  class='av-layout-grid-container entry-content-wrapper main_color av-flex-cells     avia-builder-el-27  el_after_av_layout_row  el_before_av_layout_row  submenu-not-first container_wrap fullsize' style=' '  >\n<div class=\"flex_cell no_margin av_one_half  avia-builder-el-28  el_before_av_cell_one_half  avia-builder-el-first   avia-full-stretch \"  style='height:600px; min-height:600px;background:url(https:\/\/eon.com.mx\/wp-content\/uploads\/industrias-otorgamiento-producto.jpg) center center no-repeat scroll; vertical-align:middle; padding:50px; ' ><div class='flex_cell_inner' ><\/div><\/div><div class=\"flex_cell no_margin av_one_half  avia-builder-el-29  el_after_av_cell_one_half  avia-builder-el-last   avia-full-stretch \"  style='height:600px; min-height:600px;background: #f0f0f0; vertical-align:middle; padding:50px 10% 50px 10% ; background-color:#f0f0f0; ' ><div class='flex_cell_inner' ><div class=\"flex_column av_one_full  av-animated-generic fade-in  flex_column_div av-zero-column-padding first  avia-builder-el-30  avia-builder-el-no-sibling  \" style='border-radius:0px; '><br \/>\n<section class=\"av_textblock_section \"  itemscope=\"itemscope\" itemtype=\"https:\/\/schema.org\/CreativeWork\" ><div class='avia_textblock  '  style='font-size:22px; '  itemprop=\"text\" ><p style=\"text-align: left;\">We integrate web and mobile solutions that streamline the process of requesting, evaluating and granting a financial product. We enable self-service applications for the final consumer and applications for the credit evaluation department or account executives.<\/p>\n<\/div><\/section><\/p><\/div>\n<\/div><\/div><\/div><div id='av-layout-grid-5'  class='av-layout-grid-container entry-content-wrapper main_color av-flex-cells     avia-builder-el-33  el_after_av_layout_row  avia-builder-el-last  submenu-not-first container_wrap fullsize' style=' '  >\n<div class=\"flex_cell no_margin av_one_half  avia-builder-el-34  el_before_av_cell_one_half  avia-builder-el-first   \"  style='height:600px; min-height:600px;background: #f0f0f0; vertical-align:middle; padding:50px 10% 50px 10% ; background-color:#f0f0f0; ' ><div class='flex_cell_inner' ><div class=\"flex_column av_one_full  av-animated-generic fade-in  flex_column_div av-zero-column-padding first  avia-builder-el-35  avia-builder-el-no-sibling  \" style='border-radius:0px; '><br \/>\n<section class=\"av_textblock_section \"  itemscope=\"itemscope\" itemtype=\"https:\/\/schema.org\/CreativeWork\" ><div class='avia_textblock  '  style='font-size:22px; '  itemprop=\"text\" ><p style=\"text-align: left;\">We provide solutions to smart dashboards implementations, predictive analytics for the granting of new products or services, and the integration of the data warehouse by cleaning and consolidating the data.<\/p>\n<\/div><\/section><\/p><\/div>\n<\/div><\/div><div class=\"flex_cell no_margin av_one_half  avia-builder-el-38  el_after_av_cell_one_half  avia-builder-el-last   avia-full-stretch \"  style='height:600px; min-height:600px;background:url(https:\/\/eon.com.mx\/wp-content\/uploads\/industrias-inteligencia-ia.jpg) center center no-repeat scroll; vertical-align:middle; padding:50px; ' ><div class='flex_cell_inner' ><\/div><\/div><\/div><\/p>\n","protected":false},"excerpt":{"rendered":"","protected":false},"author":4,"featured_media":597,"parent":696,"menu_order":0,"comment_status":"closed","ping_status":"closed","template":"","meta":{"footnotes":""},"class_list":["post-699","page","type-page","status-publish","has-post-thumbnail","hentry"],"yoast_head":"<!-- This site is optimized with the Yoast SEO plugin v17.5 - https:\/\/yoast.com\/wordpress\/plugins\/seo\/ -->\n<title>EON | Soluciones personalizadas para la industria financiera y Fintech.<\/title>\n<meta name=\"description\" content=\"Agilizamos procesos de transacci\u00f3n, banca m\u00f3vil, gesti\u00f3n de riesgo, explotaci\u00f3n de informaci\u00f3n y enrolamiento de nuevos clientes.\" \/>\n<meta name=\"robots\" content=\"index, follow, max-snippet:-1, max-image-preview:large, max-video-preview:-1\" \/>\n<link rel=\"canonical\" href=\"https:\/\/eon.com.mx\/en\/industries\/banking-finance-and-insurance\/\" \/>\n<meta property=\"og:locale\" content=\"en_US\" \/>\n<meta property=\"og:type\" content=\"article\" \/>\n<meta property=\"og:title\" content=\"EON | Soluciones personalizadas para la industria financiera y Fintech.\" \/>\n<meta property=\"og:description\" content=\"Agilizamos procesos de transacci\u00f3n, banca m\u00f3vil, gesti\u00f3n de riesgo, explotaci\u00f3n de informaci\u00f3n y enrolamiento de nuevos clientes.\" \/>\n<meta property=\"og:url\" content=\"https:\/\/eon.com.mx\/en\/industries\/banking-finance-and-insurance\/\" \/>\n<meta property=\"og:site_name\" content=\"EON\" \/>\n<meta property=\"article:modified_time\" content=\"2021-08-27T20:46:56+00:00\" \/>\n<meta property=\"og:image\" content=\"https:\/\/eon.com.mx\/wp-content\/uploads\/industrias-movil-banca.jpg\" \/>\n\t<meta property=\"og:image:width\" content=\"512\" \/>\n\t<meta property=\"og:image:height\" content=\"435\" \/>\n<meta name=\"twitter:card\" content=\"summary_large_image\" \/>\n<meta name=\"twitter:label1\" content=\"Est. reading time\" \/>\n\t<meta name=\"twitter:data1\" content=\"17 minutes\" \/>\n<script type=\"application\/ld+json\" class=\"yoast-schema-graph\">{\"@context\":\"https:\/\/schema.org\",\"@graph\":[{\"@type\":\"WebSite\",\"@id\":\"https:\/\/eon.com.mx\/#website\",\"url\":\"https:\/\/eon.com.mx\/\",\"name\":\"EON\",\"description\":\"Igniting Business\",\"potentialAction\":[{\"@type\":\"SearchAction\",\"target\":{\"@type\":\"EntryPoint\",\"urlTemplate\":\"https:\/\/eon.com.mx\/?s={search_term_string}\"},\"query-input\":\"required name=search_term_string\"}],\"inLanguage\":\"en-US\"},{\"@type\":\"ImageObject\",\"@id\":\"https:\/\/eon.com.mx\/en\/industries\/banking-finance-and-insurance\/#primaryimage\",\"inLanguage\":\"en-US\",\"url\":\"https:\/\/eon.com.mx\/wp-content\/uploads\/industrias-movil-banca.jpg\",\"contentUrl\":\"https:\/\/eon.com.mx\/wp-content\/uploads\/industrias-movil-banca.jpg\",\"width\":512,\"height\":435,\"caption\":\"Aplicaciones de banca m\\u00f3vil Integramos soluciones desde la adquisici\\u00f3n de clientes hasta el eWallet.\"},{\"@type\":\"WebPage\",\"@id\":\"https:\/\/eon.com.mx\/en\/industries\/banking-finance-and-insurance\/#webpage\",\"url\":\"https:\/\/eon.com.mx\/en\/industries\/banking-finance-and-insurance\/\",\"name\":\"EON | Soluciones personalizadas para la industria financiera y Fintech.\",\"isPartOf\":{\"@id\":\"https:\/\/eon.com.mx\/#website\"},\"primaryImageOfPage\":{\"@id\":\"https:\/\/eon.com.mx\/en\/industries\/banking-finance-and-insurance\/#primaryimage\"},\"datePublished\":\"2021-07-31T13:23:28+00:00\",\"dateModified\":\"2021-08-27T20:46:56+00:00\",\"description\":\"Agilizamos procesos de transacci\\u00f3n, banca m\\u00f3vil, gesti\\u00f3n de riesgo, explotaci\\u00f3n de informaci\\u00f3n y enrolamiento de nuevos clientes.\",\"breadcrumb\":{\"@id\":\"https:\/\/eon.com.mx\/en\/industries\/banking-finance-and-insurance\/#breadcrumb\"},\"inLanguage\":\"en-US\",\"potentialAction\":[{\"@type\":\"ReadAction\",\"target\":[\"https:\/\/eon.com.mx\/en\/industries\/banking-finance-and-insurance\/\"]}]},{\"@type\":\"BreadcrumbList\",\"@id\":\"https:\/\/eon.com.mx\/en\/industries\/banking-finance-and-insurance\/#breadcrumb\",\"itemListElement\":[{\"@type\":\"ListItem\",\"position\":1,\"name\":\"Inicio\",\"item\":\"https:\/\/eon.com.mx\/en\/home\/\"},{\"@type\":\"ListItem\",\"position\":2,\"name\":\"Industries\",\"item\":\"https:\/\/eon.com.mx\/en\/industries\/\"},{\"@type\":\"ListItem\",\"position\":3,\"name\":\"Banking, finance and insurance\"}]}]}<\/script>\n<!-- \/ Yoast SEO plugin. -->","yoast_head_json":{"title":"EON | Soluciones personalizadas para la industria financiera y Fintech.","description":"Agilizamos procesos de transacci\u00f3n, banca m\u00f3vil, gesti\u00f3n de riesgo, explotaci\u00f3n de informaci\u00f3n y enrolamiento de nuevos clientes.","robots":{"index":"index","follow":"follow","max-snippet":"max-snippet:-1","max-image-preview":"max-image-preview:large","max-video-preview":"max-video-preview:-1"},"canonical":"https:\/\/eon.com.mx\/en\/industries\/banking-finance-and-insurance\/","og_locale":"en_US","og_type":"article","og_title":"EON | Soluciones personalizadas para la industria financiera y Fintech.","og_description":"Agilizamos procesos de transacci\u00f3n, banca m\u00f3vil, gesti\u00f3n de riesgo, explotaci\u00f3n de informaci\u00f3n y enrolamiento de nuevos clientes.","og_url":"https:\/\/eon.com.mx\/en\/industries\/banking-finance-and-insurance\/","og_site_name":"EON","article_modified_time":"2021-08-27T20:46:56+00:00","og_image":[{"width":512,"height":435,"url":"https:\/\/eon.com.mx\/wp-content\/uploads\/industrias-movil-banca.jpg","type":"image\/jpeg"}],"twitter_card":"summary_large_image","twitter_misc":{"Est. reading time":"17 minutes"},"schema":{"@context":"https:\/\/schema.org","@graph":[{"@type":"WebSite","@id":"https:\/\/eon.com.mx\/#website","url":"https:\/\/eon.com.mx\/","name":"EON","description":"Igniting Business","potentialAction":[{"@type":"SearchAction","target":{"@type":"EntryPoint","urlTemplate":"https:\/\/eon.com.mx\/?s={search_term_string}"},"query-input":"required name=search_term_string"}],"inLanguage":"en-US"},{"@type":"ImageObject","@id":"https:\/\/eon.com.mx\/en\/industries\/banking-finance-and-insurance\/#primaryimage","inLanguage":"en-US","url":"https:\/\/eon.com.mx\/wp-content\/uploads\/industrias-movil-banca.jpg","contentUrl":"https:\/\/eon.com.mx\/wp-content\/uploads\/industrias-movil-banca.jpg","width":512,"height":435,"caption":"Aplicaciones de banca m\u00f3vil Integramos soluciones desde la adquisici\u00f3n de clientes hasta el eWallet."},{"@type":"WebPage","@id":"https:\/\/eon.com.mx\/en\/industries\/banking-finance-and-insurance\/#webpage","url":"https:\/\/eon.com.mx\/en\/industries\/banking-finance-and-insurance\/","name":"EON | Soluciones personalizadas para la industria financiera y Fintech.","isPartOf":{"@id":"https:\/\/eon.com.mx\/#website"},"primaryImageOfPage":{"@id":"https:\/\/eon.com.mx\/en\/industries\/banking-finance-and-insurance\/#primaryimage"},"datePublished":"2021-07-31T13:23:28+00:00","dateModified":"2021-08-27T20:46:56+00:00","description":"Agilizamos procesos de transacci\u00f3n, banca m\u00f3vil, gesti\u00f3n de riesgo, explotaci\u00f3n de informaci\u00f3n y enrolamiento de nuevos clientes.","breadcrumb":{"@id":"https:\/\/eon.com.mx\/en\/industries\/banking-finance-and-insurance\/#breadcrumb"},"inLanguage":"en-US","potentialAction":[{"@type":"ReadAction","target":["https:\/\/eon.com.mx\/en\/industries\/banking-finance-and-insurance\/"]}]},{"@type":"BreadcrumbList","@id":"https:\/\/eon.com.mx\/en\/industries\/banking-finance-and-insurance\/#breadcrumb","itemListElement":[{"@type":"ListItem","position":1,"name":"Inicio","item":"https:\/\/eon.com.mx\/en\/home\/"},{"@type":"ListItem","position":2,"name":"Industries","item":"https:\/\/eon.com.mx\/en\/industries\/"},{"@type":"ListItem","position":3,"name":"Banking, finance and insurance"}]}]}},"_links":{"self":[{"href":"https:\/\/eon.com.mx\/en\/wp-json\/wp\/v2\/pages\/699","targetHints":{"allow":["GET"]}}],"collection":[{"href":"https:\/\/eon.com.mx\/en\/wp-json\/wp\/v2\/pages"}],"about":[{"href":"https:\/\/eon.com.mx\/en\/wp-json\/wp\/v2\/types\/page"}],"author":[{"embeddable":true,"href":"https:\/\/eon.com.mx\/en\/wp-json\/wp\/v2\/users\/4"}],"replies":[{"embeddable":true,"href":"https:\/\/eon.com.mx\/en\/wp-json\/wp\/v2\/comments?post=699"}],"version-history":[{"count":6,"href":"https:\/\/eon.com.mx\/en\/wp-json\/wp\/v2\/pages\/699\/revisions"}],"predecessor-version":[{"id":959,"href":"https:\/\/eon.com.mx\/en\/wp-json\/wp\/v2\/pages\/699\/revisions\/959"}],"up":[{"embeddable":true,"href":"https:\/\/eon.com.mx\/en\/wp-json\/wp\/v2\/pages\/696"}],"wp:featuredmedia":[{"embeddable":true,"href":"https:\/\/eon.com.mx\/en\/wp-json\/wp\/v2\/media\/597"}],"wp:attachment":[{"href":"https:\/\/eon.com.mx\/en\/wp-json\/wp\/v2\/media?parent=699"}],"curies":[{"name":"wp","href":"https:\/\/api.w.org\/{rel}","templated":true}]}}