{"id":701,"date":"2021-07-31T08:23:40","date_gmt":"2021-07-31T13:23:40","guid":{"rendered":"https:\/\/eon.com.mx\/?page_id=701"},"modified":"2021-08-27T16:27:05","modified_gmt":"2021-08-27T21:27:05","slug":"e-commerce-and-retail","status":"publish","type":"page","link":"https:\/\/eon.com.mx\/en\/industries\/e-commerce-and-retail\/","title":{"rendered":"E-Commerce and Retail"},"content":{"rendered":"<div id='full_slider_1'  class='avia-fullwidth-slider main_color avia-shadow   avia-builder-el-0  el_before_av_section  avia-builder-el-first   container_wrap fullsize' style=' '  ><div   data-size='no scaling'  data-lightbox_size='large'  data-animation='slide'  data-conditional_play=''  data-ids='403'  data-video_counter='0'  data-autoplay='false'  data-bg_slider='false'  data-slide_height=''  data-handle='av_slideshow_full'  data-interval='5'  data-class=' '  data-el_id=''  data-css_id=''  data-scroll_down=''  data-control_layout='av-control-hidden'  data-custom_markup=''  data-perma_caption=''  data-autoplay_stopper=''  data-image_attachment=''  data-min_height='0px'  data-lazy_loading='disabled'  data-src=''  data-position='top left'  data-repeat='no-repeat'  data-attach='scroll'  data-stretch=''  class='avia-slideshow avia-slideshow-1  av-control-hidden av-default-height-applied avia-slideshow-no scaling av_slideshow_full   avia-slide-slider '  itemprop=\"image\" itemscope=\"itemscope\" itemtype=\"https:\/\/schema.org\/ImageObject\" ><ul class='avia-slideshow-inner ' style='padding-bottom: 35.416666666667%;' ><li  class=' av-single-slide slide-1 ' ><div data-rel='slideshow-1' class='avia-slide-wrap '   ><img decoding=\"async\" class=\"wp-image-608 avia-img-lazy-loading-not-608\"  src=\"https:\/\/eon.com.mx\/wp-content\/uploads\/industrias-ecommerce.jpg\" width=\"1920\" height=\"680\" title='industrias-ecommerce' alt='Nuestras soluciones personalizadas ayudan a las empresas a que sus operaciones sean m\u00e1s \u00e1giles, m\u00e1s eficientes, y m\u00e1s f\u00e1ciles de administrar.'  itemprop=\"thumbnailUrl\" srcset=\"https:\/\/eon.com.mx\/wp-content\/uploads\/industrias-ecommerce.jpg 1920w, https:\/\/eon.com.mx\/wp-content\/uploads\/industrias-ecommerce-300x106.jpg 300w, https:\/\/eon.com.mx\/wp-content\/uploads\/industrias-ecommerce-1030x365.jpg 1030w, https:\/\/eon.com.mx\/wp-content\/uploads\/industrias-ecommerce-768x272.jpg 768w, https:\/\/eon.com.mx\/wp-content\/uploads\/industrias-ecommerce-1536x544.jpg 1536w, https:\/\/eon.com.mx\/wp-content\/uploads\/industrias-ecommerce-1500x531.jpg 1500w, https:\/\/eon.com.mx\/wp-content\/uploads\/industrias-ecommerce-705x250.jpg 705w\" sizes=\"(max-width: 1920px) 100vw, 1920px\" \/><\/div><\/li><\/ul><\/div><\/div>\n<div id='av_section_1'  class='avia-section main_color avia-section-huge avia-no-border-styling  avia-bg-style-scroll  avia-builder-el-1  el_after_av_slideshow_full  el_before_av_section   container_wrap fullsize' style=' '  ><div class='container' ><div class='template-page content  av-content-full alpha units'><div class='post-entry post-entry-type-page post-entry-701'><div class='entry-content-wrapper clearfix'>\n<div class=\"flex_column av_one_full  av-animated-generic bottom-to-top  flex_column_div av-zero-column-padding first  avia-builder-el-2  avia-builder-el-no-sibling  \" style='border-radius:0px; '><section class=\"av_textblock_section \"  itemscope=\"itemscope\" itemtype=\"https:\/\/schema.org\/CreativeWork\" ><div class='avia_textblock  '   itemprop=\"text\" ><p class=\"text-6\" style=\"text-align: center;\">In diverse markets, <span class=\"orange-marker font-weight-700\">consumers have more shopping opportunities and options than ever before and<\/span>, to differentiate themselves, competitors must make use of mobile and web technologies.<\/p>\n<p class=\"text-6\" style=\"text-align: center;\"><span class=\"orange-marker font-weight-700\">We integrate software that covers transaction management<\/span>, control inventory and sales generation, always with the best user experience and the highest security in operations<\/p>\n<p class=\"text-6\" style=\"text-align: center;\">Our customized solutions help companies make their operations more agile, efficient, and easier to manage.<\/p>\n<\/div><\/section><\/div><\/div><\/div><\/div><!-- close content main div --><\/div><\/div><div id='av_section_2'  class='avia-section main_color avia-section-default avia-no-border-styling  avia-full-contain avia-bg-style-scroll  avia-builder-el-4  el_after_av_section  el_before_av_layout_row  announcement  av-minimum-height av-minimum-height-custom  container_wrap fullsize' style='background-repeat: no-repeat; background-image: url(https:\/\/eon.com.mx\/wp-content\/uploads\/eon-banner-symbol.png);background-attachment: scroll; background-position: center right;  '  data-section-bg-repeat='contain'><div class='container' style='height:590px'><div class='template-page content  av-content-full alpha units'><div class='post-entry post-entry-type-page post-entry-701'><div class='entry-content-wrapper clearfix'>\n<div class=\"flex_column av_one_half  av-animated-generic bottom-to-top  flex_column_div av-zero-column-padding first  avia-builder-el-5  el_before_av_one_half  avia-builder-el-first  \" style='border-radius:0px; '><section class=\"av_textblock_section \"  itemscope=\"itemscope\" itemtype=\"https:\/\/schema.org\/CreativeWork\" ><div class='avia_textblock  av_inherit_color '  style='color:#cccccc; '  itemprop=\"text\" ><p class=\"font-weight-900 text-10\" style=\"text-align: center;\">Let us help you to boost the digital ecosystem that your company needs.<\/p>\n<\/div><\/section><br \/>\n<div  class='avia-button-wrap avia-button-center  avia-builder-el-7  el_after_av_textblock  avia-builder-el-last ' ><a href='#wow-modal-id-2'  class='avia-button  avia-color-theme-color   avia-icon_select-no avia-size-large avia-position-center '   ><span class='avia_iconbox_title' >Ask for free advice<\/span><\/a><\/div><\/p><\/div><div class=\"flex_column av_one_half  flex_column_div av-zero-column-padding   avia-builder-el-8  el_after_av_one_half  avia-builder-el-last  \" style='border-radius:0px; '><\/div><\/div><\/div><\/div><!-- close content main div --><\/div><\/div><div id='av-layout-grid-1'  class='av-layout-grid-container entry-content-wrapper main_color av-flex-cells     avia-builder-el-9  el_after_av_section  el_before_av_layout_row  submenu-not-first container_wrap fullsize' style=' '  >\n<div class=\"flex_cell no_margin av_one_half  avia-builder-el-10  el_before_av_cell_one_half  avia-builder-el-first   \"  style='height:600px; min-height:600px;background: #f0f0f0; vertical-align:middle; padding:50px 10% 50px 10% ; background-color:#f0f0f0; ' ><div class='flex_cell_inner' ><div class=\"flex_column av_one_full  av-animated-generic fade-in  flex_column_div av-zero-column-padding first  avia-builder-el-11  avia-builder-el-no-sibling  \" style='border-radius:0px; '><br \/>\n<section class=\"av_textblock_section \"  itemscope=\"itemscope\" itemtype=\"https:\/\/schema.org\/CreativeWork\" ><div class='avia_textblock  '  style='font-size:22px; '  itemprop=\"text\" ><p style=\"text-align: left;\">We integrate eCommerce solutions with the client&#8217;s technological architecture. We develop personalized e-commerce software adapted to the operational and commercial needs of each client.<\/p>\n<\/div><\/section><\/p><\/div>\n<\/div><\/div><div class=\"flex_cell no_margin av_one_half  avia-builder-el-14  el_after_av_cell_one_half  avia-builder-el-last   avia-full-stretch \"  style='height:600px; min-height:600px;background:url(https:\/\/eon.com.mx\/wp-content\/uploads\/industrias-implementacion-ecommerce.jpg) center center no-repeat scroll; vertical-align:middle; padding:50px; ' ><div class='flex_cell_inner' ><\/div><\/div><\/div><div id='av-layout-grid-2'  class='av-layout-grid-container entry-content-wrapper main_color av-flex-cells     avia-builder-el-15  el_after_av_layout_row  el_before_av_layout_row  submenu-not-first container_wrap fullsize' style=' '  >\n<div class=\"flex_cell no_margin av_one_half  avia-builder-el-16  el_before_av_cell_one_half  avia-builder-el-first   avia-full-stretch \"  style='height:600px; min-height:600px;background:url(https:\/\/eon.com.mx\/wp-content\/uploads\/industrias-pasarela-pago.jpg) center center no-repeat scroll; vertical-align:middle; padding:50px; ' ><div class='flex_cell_inner' ><\/div><\/div><div class=\"flex_cell no_margin av_one_half  avia-builder-el-17  el_after_av_cell_one_half  avia-builder-el-last   avia-full-stretch \"  style='height:600px; min-height:600px;background: #f0f0f0; vertical-align:middle; padding:50px 10% 50px 10% ; background-color:#f0f0f0; ' ><div class='flex_cell_inner' ><div class=\"flex_column av_one_full  av-animated-generic fade-in  flex_column_div av-zero-column-padding first  avia-builder-el-18  avia-builder-el-no-sibling  \" style='border-radius:0px; '><br \/>\n<section class=\"av_textblock_section \"  itemscope=\"itemscope\" itemtype=\"https:\/\/schema.org\/CreativeWork\" ><div class='avia_textblock  '  style='font-size:22px; '  itemprop=\"text\" ><p style=\"text-align: left;\">We integrate functionalities that allow online shopping with multiple payment modes and gateways. We integrate the orders tracking in time with the Google API. We implement the automatic price calculation integrating the administration of rates and discounts from various information systems.<\/p>\n<\/div><\/section><\/p><\/div>\n<\/div><\/div><\/div><div id='av-layout-grid-3'  class='av-layout-grid-container entry-content-wrapper main_color av-flex-cells     avia-builder-el-21  el_after_av_layout_row  avia-builder-el-last  submenu-not-first container_wrap fullsize' style=' '  >\n<div class=\"flex_cell no_margin av_one_half  avia-builder-el-22  el_before_av_cell_one_half  avia-builder-el-first   \"  style='height:600px; min-height:600px;background: #f0f0f0; vertical-align:middle; padding:50px 10% 50px 10% ; background-color:#f0f0f0; ' ><div class='flex_cell_inner' ><div class=\"flex_column av_one_full  av-animated-generic fade-in  flex_column_div av-zero-column-padding first  avia-builder-el-23  avia-builder-el-no-sibling  \" style='border-radius:0px; '><br \/>\n<section class=\"av_textblock_section \"  itemscope=\"itemscope\" itemtype=\"https:\/\/schema.org\/CreativeWork\" ><div class='avia_textblock  '  style='font-size:22px; '  itemprop=\"text\" ><p style=\"text-align: left;\">We integrate appropriate data analysis functions into your business software that helps making decisions supported by rich analytics from the information systems ecosystem and customer contact points.<\/p>\n<\/div><\/section><\/p><\/div>\n<\/div><\/div><div class=\"flex_cell no_margin av_one_half  avia-builder-el-26  el_after_av_cell_one_half  avia-builder-el-last   avia-full-stretch \"  style='height:600px; min-height:600px;background:url(https:\/\/eon.com.mx\/wp-content\/uploads\/industrias-analiticas-datos.jpg) center center no-repeat scroll; vertical-align:middle; padding:50px; ' ><div class='flex_cell_inner' ><\/div><\/div><\/div><\/p>\n","protected":false},"excerpt":{"rendered":"","protected":false},"author":4,"featured_media":608,"parent":696,"menu_order":2,"comment_status":"closed","ping_status":"closed","template":"","meta":{"footnotes":""},"class_list":["post-701","page","type-page","status-publish","has-post-thumbnail","hentry"],"yoast_head":"<!-- This site is optimized with the Yoast SEO plugin v17.5 - https:\/\/yoast.com\/wordpress\/plugins\/seo\/ -->\n<title>EON - Igniting Business | Soluciones para E-Commerce y Retail.<\/title>\n<meta name=\"description\" content=\"Integramos software que cubre la gesti\u00f3n de las transacciones, el control del inventario y la generaci\u00f3n de las ventas.\" \/>\n<meta name=\"robots\" content=\"index, follow, max-snippet:-1, max-image-preview:large, max-video-preview:-1\" \/>\n<link rel=\"canonical\" href=\"https:\/\/eon.com.mx\/en\/industries\/e-commerce-and-retail\/\" \/>\n<meta property=\"og:locale\" content=\"en_US\" \/>\n<meta property=\"og:type\" content=\"article\" \/>\n<meta property=\"og:title\" content=\"EON - Igniting Business | Soluciones para E-Commerce y Retail.\" \/>\n<meta property=\"og:description\" content=\"Integramos software que cubre la gesti\u00f3n de las transacciones, el control del inventario y la generaci\u00f3n de las ventas.\" \/>\n<meta property=\"og:url\" content=\"https:\/\/eon.com.mx\/en\/industries\/e-commerce-and-retail\/\" \/>\n<meta property=\"og:site_name\" content=\"EON\" \/>\n<meta property=\"article:modified_time\" content=\"2021-08-27T21:27:05+00:00\" \/>\n<meta property=\"og:image\" content=\"https:\/\/eon.com.mx\/wp-content\/uploads\/industrias-ecommerce.jpg\" \/>\n\t<meta property=\"og:image:width\" content=\"1920\" \/>\n\t<meta property=\"og:image:height\" content=\"680\" \/>\n<meta name=\"twitter:card\" content=\"summary_large_image\" \/>\n<meta name=\"twitter:label1\" content=\"Est. reading time\" \/>\n\t<meta name=\"twitter:data1\" content=\"12 minutes\" \/>\n<script type=\"application\/ld+json\" class=\"yoast-schema-graph\">{\"@context\":\"https:\/\/schema.org\",\"@graph\":[{\"@type\":\"WebSite\",\"@id\":\"https:\/\/eon.com.mx\/#website\",\"url\":\"https:\/\/eon.com.mx\/\",\"name\":\"EON\",\"description\":\"Igniting Business\",\"potentialAction\":[{\"@type\":\"SearchAction\",\"target\":{\"@type\":\"EntryPoint\",\"urlTemplate\":\"https:\/\/eon.com.mx\/?s={search_term_string}\"},\"query-input\":\"required name=search_term_string\"}],\"inLanguage\":\"en-US\"},{\"@type\":\"ImageObject\",\"@id\":\"https:\/\/eon.com.mx\/en\/industries\/e-commerce-and-retail\/#primaryimage\",\"inLanguage\":\"en-US\",\"url\":\"https:\/\/eon.com.mx\/wp-content\/uploads\/industrias-ecommerce.jpg\",\"contentUrl\":\"https:\/\/eon.com.mx\/wp-content\/uploads\/industrias-ecommerce.jpg\",\"width\":1920,\"height\":680,\"caption\":\"En los diversos mercados, los consumidores tienen m\\u00e1s oportunidades y opciones de compra que nunca y, para diferenciarse, los competidores deben hacer uso de las tecnolog\\u00edas m\\u00f3viles y web.\"},{\"@type\":\"WebPage\",\"@id\":\"https:\/\/eon.com.mx\/en\/industries\/e-commerce-and-retail\/#webpage\",\"url\":\"https:\/\/eon.com.mx\/en\/industries\/e-commerce-and-retail\/\",\"name\":\"EON - Igniting Business | Soluciones para E-Commerce y Retail.\",\"isPartOf\":{\"@id\":\"https:\/\/eon.com.mx\/#website\"},\"primaryImageOfPage\":{\"@id\":\"https:\/\/eon.com.mx\/en\/industries\/e-commerce-and-retail\/#primaryimage\"},\"datePublished\":\"2021-07-31T13:23:40+00:00\",\"dateModified\":\"2021-08-27T21:27:05+00:00\",\"description\":\"Integramos software que cubre la gesti\\u00f3n de las transacciones, el control del inventario y la generaci\\u00f3n de las ventas.\",\"breadcrumb\":{\"@id\":\"https:\/\/eon.com.mx\/en\/industries\/e-commerce-and-retail\/#breadcrumb\"},\"inLanguage\":\"en-US\",\"potentialAction\":[{\"@type\":\"ReadAction\",\"target\":[\"https:\/\/eon.com.mx\/en\/industries\/e-commerce-and-retail\/\"]}]},{\"@type\":\"BreadcrumbList\",\"@id\":\"https:\/\/eon.com.mx\/en\/industries\/e-commerce-and-retail\/#breadcrumb\",\"itemListElement\":[{\"@type\":\"ListItem\",\"position\":1,\"name\":\"Inicio\",\"item\":\"https:\/\/eon.com.mx\/en\/home\/\"},{\"@type\":\"ListItem\",\"position\":2,\"name\":\"Industries\",\"item\":\"https:\/\/eon.com.mx\/en\/industries\/\"},{\"@type\":\"ListItem\",\"position\":3,\"name\":\"E-Commerce and Retail\"}]}]}<\/script>\n<!-- \/ Yoast SEO plugin. -->","yoast_head_json":{"title":"EON - Igniting Business | Soluciones para E-Commerce y Retail.","description":"Integramos software que cubre la gesti\u00f3n de las transacciones, el control del inventario y la generaci\u00f3n de las ventas.","robots":{"index":"index","follow":"follow","max-snippet":"max-snippet:-1","max-image-preview":"max-image-preview:large","max-video-preview":"max-video-preview:-1"},"canonical":"https:\/\/eon.com.mx\/en\/industries\/e-commerce-and-retail\/","og_locale":"en_US","og_type":"article","og_title":"EON - Igniting Business | Soluciones para E-Commerce y Retail.","og_description":"Integramos software que cubre la gesti\u00f3n de las transacciones, el control del inventario y la generaci\u00f3n de las ventas.","og_url":"https:\/\/eon.com.mx\/en\/industries\/e-commerce-and-retail\/","og_site_name":"EON","article_modified_time":"2021-08-27T21:27:05+00:00","og_image":[{"width":1920,"height":680,"url":"https:\/\/eon.com.mx\/wp-content\/uploads\/industrias-ecommerce.jpg","type":"image\/jpeg"}],"twitter_card":"summary_large_image","twitter_misc":{"Est. reading time":"12 minutes"},"schema":{"@context":"https:\/\/schema.org","@graph":[{"@type":"WebSite","@id":"https:\/\/eon.com.mx\/#website","url":"https:\/\/eon.com.mx\/","name":"EON","description":"Igniting Business","potentialAction":[{"@type":"SearchAction","target":{"@type":"EntryPoint","urlTemplate":"https:\/\/eon.com.mx\/?s={search_term_string}"},"query-input":"required name=search_term_string"}],"inLanguage":"en-US"},{"@type":"ImageObject","@id":"https:\/\/eon.com.mx\/en\/industries\/e-commerce-and-retail\/#primaryimage","inLanguage":"en-US","url":"https:\/\/eon.com.mx\/wp-content\/uploads\/industrias-ecommerce.jpg","contentUrl":"https:\/\/eon.com.mx\/wp-content\/uploads\/industrias-ecommerce.jpg","width":1920,"height":680,"caption":"En los diversos mercados, los consumidores tienen m\u00e1s oportunidades y opciones de compra que nunca y, para diferenciarse, los competidores deben hacer uso de las tecnolog\u00edas m\u00f3viles y web."},{"@type":"WebPage","@id":"https:\/\/eon.com.mx\/en\/industries\/e-commerce-and-retail\/#webpage","url":"https:\/\/eon.com.mx\/en\/industries\/e-commerce-and-retail\/","name":"EON - Igniting Business | Soluciones para E-Commerce y Retail.","isPartOf":{"@id":"https:\/\/eon.com.mx\/#website"},"primaryImageOfPage":{"@id":"https:\/\/eon.com.mx\/en\/industries\/e-commerce-and-retail\/#primaryimage"},"datePublished":"2021-07-31T13:23:40+00:00","dateModified":"2021-08-27T21:27:05+00:00","description":"Integramos software que cubre la gesti\u00f3n de las transacciones, el control del inventario y la generaci\u00f3n de las ventas.","breadcrumb":{"@id":"https:\/\/eon.com.mx\/en\/industries\/e-commerce-and-retail\/#breadcrumb"},"inLanguage":"en-US","potentialAction":[{"@type":"ReadAction","target":["https:\/\/eon.com.mx\/en\/industries\/e-commerce-and-retail\/"]}]},{"@type":"BreadcrumbList","@id":"https:\/\/eon.com.mx\/en\/industries\/e-commerce-and-retail\/#breadcrumb","itemListElement":[{"@type":"ListItem","position":1,"name":"Inicio","item":"https:\/\/eon.com.mx\/en\/home\/"},{"@type":"ListItem","position":2,"name":"Industries","item":"https:\/\/eon.com.mx\/en\/industries\/"},{"@type":"ListItem","position":3,"name":"E-Commerce and Retail"}]}]}},"_links":{"self":[{"href":"https:\/\/eon.com.mx\/en\/wp-json\/wp\/v2\/pages\/701","targetHints":{"allow":["GET"]}}],"collection":[{"href":"https:\/\/eon.com.mx\/en\/wp-json\/wp\/v2\/pages"}],"about":[{"href":"https:\/\/eon.com.mx\/en\/wp-json\/wp\/v2\/types\/page"}],"author":[{"embeddable":true,"href":"https:\/\/eon.com.mx\/en\/wp-json\/wp\/v2\/users\/4"}],"replies":[{"embeddable":true,"href":"https:\/\/eon.com.mx\/en\/wp-json\/wp\/v2\/comments?post=701"}],"version-history":[{"count":6,"href":"https:\/\/eon.com.mx\/en\/wp-json\/wp\/v2\/pages\/701\/revisions"}],"predecessor-version":[{"id":963,"href":"https:\/\/eon.com.mx\/en\/wp-json\/wp\/v2\/pages\/701\/revisions\/963"}],"up":[{"embeddable":true,"href":"https:\/\/eon.com.mx\/en\/wp-json\/wp\/v2\/pages\/696"}],"wp:featuredmedia":[{"embeddable":true,"href":"https:\/\/eon.com.mx\/en\/wp-json\/wp\/v2\/media\/608"}],"wp:attachment":[{"href":"https:\/\/eon.com.mx\/en\/wp-json\/wp\/v2\/media?parent=701"}],"curies":[{"name":"wp","href":"https:\/\/api.w.org\/{rel}","templated":true}]}}