{"id":702,"date":"2021-07-31T08:23:44","date_gmt":"2021-07-31T13:23:44","guid":{"rendered":"https:\/\/eon.com.mx\/?page_id=702"},"modified":"2021-08-27T16:27:51","modified_gmt":"2021-08-27T21:27:51","slug":"collaborators-enrollment-and-employee-benefits","status":"publish","type":"page","link":"https:\/\/eon.com.mx\/en\/industries\/collaborators-enrollment-and-employee-benefits\/","title":{"rendered":"Collaborators enrollment and employee benefits"},"content":{"rendered":"<div id='full_slider_1'  class='avia-fullwidth-slider main_color avia-shadow   avia-builder-el-0  el_before_av_section  avia-builder-el-first   container_wrap fullsize' style=' '  ><div   data-size='no scaling'  data-lightbox_size='large'  data-animation='slide'  data-conditional_play=''  data-ids='411'  data-video_counter='0'  data-autoplay='false'  data-bg_slider='false'  data-slide_height=''  data-handle='av_slideshow_full'  data-interval='5'  data-class=' '  data-el_id=''  data-css_id=''  data-scroll_down=''  data-control_layout='av-control-hidden'  data-custom_markup=''  data-perma_caption=''  data-autoplay_stopper=''  data-image_attachment=''  data-min_height='0px'  data-lazy_loading='disabled'  data-src=''  data-position='top left'  data-repeat='no-repeat'  data-attach='scroll'  data-stretch=''  class='avia-slideshow avia-slideshow-1  av-control-hidden av-default-height-applied avia-slideshow-no scaling av_slideshow_full   avia-slide-slider '  itemprop=\"image\" itemscope=\"itemscope\" itemtype=\"https:\/\/schema.org\/ImageObject\" ><ul class='avia-slideshow-inner ' style='padding-bottom: 35.416666666667%;' ><li  class=' av-single-slide slide-1 ' ><div data-rel='slideshow-1' class='avia-slide-wrap '   ><img decoding=\"async\" class=\"wp-image-612 avia-img-lazy-loading-not-612\"  src=\"https:\/\/eon.com.mx\/wp-content\/uploads\/industrias-enrolamiento.jpg\" width=\"1920\" height=\"680\" title='industrias-enrolamiento' alt='Soporte y consultor\u00eda especializada.'  itemprop=\"thumbnailUrl\" srcset=\"https:\/\/eon.com.mx\/wp-content\/uploads\/industrias-enrolamiento.jpg 1920w, https:\/\/eon.com.mx\/wp-content\/uploads\/industrias-enrolamiento-300x106.jpg 300w, https:\/\/eon.com.mx\/wp-content\/uploads\/industrias-enrolamiento-1030x365.jpg 1030w, https:\/\/eon.com.mx\/wp-content\/uploads\/industrias-enrolamiento-768x272.jpg 768w, https:\/\/eon.com.mx\/wp-content\/uploads\/industrias-enrolamiento-1536x544.jpg 1536w, https:\/\/eon.com.mx\/wp-content\/uploads\/industrias-enrolamiento-1500x531.jpg 1500w, https:\/\/eon.com.mx\/wp-content\/uploads\/industrias-enrolamiento-705x250.jpg 705w\" sizes=\"(max-width: 1920px) 100vw, 1920px\" \/><\/div><\/li><\/ul><\/div><\/div>\n<div id='av_section_1'  class='avia-section main_color avia-section-huge avia-no-border-styling  avia-bg-style-scroll  avia-builder-el-1  el_after_av_slideshow_full  el_before_av_section   container_wrap fullsize' style=' '  ><div class='container' ><div class='template-page content  av-content-full alpha units'><div class='post-entry post-entry-type-page post-entry-702'><div class='entry-content-wrapper clearfix'>\n<div class=\"flex_column av_one_full  av-animated-generic bottom-to-top  flex_column_div av-zero-column-padding first  avia-builder-el-2  avia-builder-el-no-sibling  \" style='border-radius:0px; '><section class=\"av_textblock_section \"  itemscope=\"itemscope\" itemtype=\"https:\/\/schema.org\/CreativeWork\" ><div class='avia_textblock  '   itemprop=\"text\" ><p class=\"text-6\" style=\"text-align: center;\">The environment that is increasingly competitive and globalized, has demanded that companies implement new work models to manage teams remotely, more agilely <span class=\"font-weight-700\">integrate the right talent into their ranks and make the benefits and events offered reach their collaborators. from the head office.<\/span><\/p>\n<\/div><\/section><\/div><\/div><\/div><\/div><!-- close content main div --><\/div><\/div><div id='av_section_2'  class='avia-section main_color avia-section-default avia-no-border-styling  avia-full-contain avia-bg-style-scroll  avia-builder-el-4  el_after_av_section  el_before_av_layout_row  announcement  av-minimum-height av-minimum-height-custom  container_wrap fullsize' style='background-repeat: no-repeat; background-image: url(https:\/\/eon.com.mx\/wp-content\/uploads\/eon-banner-symbol.png);background-attachment: scroll; background-position: center right;  '  data-section-bg-repeat='contain'><div class='container' style='height:590px'><div class='template-page content  av-content-full alpha units'><div class='post-entry post-entry-type-page post-entry-702'><div class='entry-content-wrapper clearfix'>\n<div class=\"flex_column av_one_half  av-animated-generic bottom-to-top  flex_column_div av-zero-column-padding first  avia-builder-el-5  el_before_av_one_half  avia-builder-el-first  \" style='border-radius:0px; '><section class=\"av_textblock_section \"  itemscope=\"itemscope\" itemtype=\"https:\/\/schema.org\/CreativeWork\" ><div class='avia_textblock  av_inherit_color '  style='color:#cccccc; '  itemprop=\"text\" ><p class=\"font-weight-900 text-10\" style=\"text-align: center;\">Let us help you to boost the digital ecosystem that your company needs.<\/p>\n<\/div><\/section><br \/>\n<div  class='avia-button-wrap avia-button-center  avia-builder-el-7  el_after_av_textblock  avia-builder-el-last ' ><a href='#wow-modal-id-2'  class='avia-button  avia-color-theme-color   avia-icon_select-no avia-size-large avia-position-center '   ><span class='avia_iconbox_title' >Ask for free advice<\/span><\/a><\/div><\/p><\/div><div class=\"flex_column av_one_half  flex_column_div av-zero-column-padding   avia-builder-el-8  el_after_av_one_half  avia-builder-el-last  \" style='border-radius:0px; '><\/div><\/div><\/div><\/div><!-- close content main div --><\/div><\/div><div id='av-layout-grid-1'  class='av-layout-grid-container entry-content-wrapper main_color av-flex-cells     avia-builder-el-9  el_after_av_section  el_before_av_layout_row  submenu-not-first container_wrap fullsize' style=' '  >\n<div class=\"flex_cell no_margin av_one_half  avia-builder-el-10  el_before_av_cell_one_half  avia-builder-el-first   \"  style='height:600px; min-height:600px;background: #f0f0f0; vertical-align:middle; padding:50px 10% 50px 10% ; background-color:#f0f0f0; ' ><div class='flex_cell_inner' ><div class=\"flex_column av_one_full  av-animated-generic fade-in  flex_column_div av-zero-column-padding first  avia-builder-el-11  avia-builder-el-no-sibling  \" style='border-radius:0px; '><br \/>\n<section class=\"av_textblock_section \"  itemscope=\"itemscope\" itemtype=\"https:\/\/schema.org\/CreativeWork\" ><div class='avia_textblock  '  style='font-size:22px; '  itemprop=\"text\" ><p style=\"text-align: left;\">We integrate solutions that support the centralized administration of services, benefits and events. We enable self-service mobile and web applications in which employees can request benefits and services offered by the company: payroll receipts, labor certificates, vacations, agreements with commercial chains and events.<\/p>\n<\/div><\/section><\/p><\/div>\n<\/div><\/div><div class=\"flex_cell no_margin av_one_half  avia-builder-el-14  el_after_av_cell_one_half  avia-builder-el-last   avia-full-stretch \"  style='height:600px; min-height:600px;background:url(https:\/\/eon.com.mx\/wp-content\/uploads\/industrias-portales-servicios.jpg) center center no-repeat scroll; vertical-align:middle; padding:50px; ' ><div class='flex_cell_inner' ><\/div><\/div><\/div><div id='av-layout-grid-2'  class='av-layout-grid-container entry-content-wrapper main_color av-flex-cells     avia-builder-el-15  el_after_av_layout_row  el_before_av_layout_row  submenu-not-first container_wrap fullsize' style=' '  >\n<div class=\"flex_cell no_margin av_one_half  avia-builder-el-16  el_before_av_cell_one_half  avia-builder-el-first   avia-full-stretch \"  style='height:600px; min-height:600px;background:url(https:\/\/eon.com.mx\/wp-content\/uploads\/industrias-reclutamiento-virtual.jpg) center center no-repeat scroll; vertical-align:middle; padding:50px; ' ><div class='flex_cell_inner' ><\/div><\/div><div class=\"flex_cell no_margin av_one_half  avia-builder-el-17  el_after_av_cell_one_half  avia-builder-el-last   avia-full-stretch \"  style='height:600px; min-height:600px;background: #f0f0f0; vertical-align:middle; padding:50px 10% 50px 10% ; background-color:#f0f0f0; ' ><div class='flex_cell_inner' ><div class=\"flex_column av_one_full  av-animated-generic fade-in  flex_column_div av-zero-column-padding first  avia-builder-el-18  avia-builder-el-no-sibling  \" style='border-radius:0px; '><br \/>\n<section class=\"av_textblock_section \"  itemscope=\"itemscope\" itemtype=\"https:\/\/schema.org\/CreativeWork\" ><div class='avia_textblock  '  style='font-size:22px; '  itemprop=\"text\" ><p style=\"text-align: left;\">We automate the processes of search, evaluation and the staff selection. We develop mobile applications to expand the talent search channels and to streamline the selection process with real-time activities such as the retrieval of candidate information and the interview via streaming.<\/p>\n<\/div><\/section><\/p><\/div>\n<\/div><\/div><\/div><div id='av-layout-grid-3'  class='av-layout-grid-container entry-content-wrapper main_color av-flex-cells     avia-builder-el-21  el_after_av_layout_row  avia-builder-el-last  submenu-not-first container_wrap fullsize' style=' '  >\n<div class=\"flex_cell no_margin av_one_half  avia-builder-el-22  el_before_av_cell_one_half  avia-builder-el-first   \"  style='height:600px; min-height:600px;background: #f0f0f0; vertical-align:middle; padding:50px 10% 50px 10% ; background-color:#f0f0f0; ' ><div class='flex_cell_inner' ><div class=\"flex_column av_one_full  av-animated-generic fade-in  flex_column_div av-zero-column-padding first  avia-builder-el-23  avia-builder-el-no-sibling  \" style='border-radius:0px; '><br \/>\n<section class=\"av_textblock_section \"  itemscope=\"itemscope\" itemtype=\"https:\/\/schema.org\/CreativeWork\" ><div class='avia_textblock  '  style='font-size:22px; '  itemprop=\"text\" ><p style=\"text-align: left;\">We implement web and mobile solutions that facilitate institutional communication from the corporate headquarters to the central company toward the network of regional offices and branches. We integrate the administration and dissemination of digital content, events, notices, communication, manuals and institutional information.<\/p>\n<\/div><\/section><\/p><\/div>\n<\/div><\/div><div class=\"flex_cell no_margin av_one_half  avia-builder-el-26  el_after_av_cell_one_half  avia-builder-el-last   avia-full-stretch \"  style='height:600px; min-height:600px;background:url(https:\/\/eon.com.mx\/wp-content\/uploads\/industrias-cultura-organizacional.jpg) center center no-repeat scroll; vertical-align:middle; padding:50px; ' ><div class='flex_cell_inner' ><\/div><\/div><\/div><\/p>\n","protected":false},"excerpt":{"rendered":"","protected":false},"author":4,"featured_media":612,"parent":696,"menu_order":3,"comment_status":"closed","ping_status":"closed","template":"","meta":{"footnotes":""},"class_list":["post-702","page","type-page","status-publish","has-post-thumbnail","hentry"],"yoast_head":"<!-- This site is optimized with the Yoast SEO plugin v17.5 - https:\/\/yoast.com\/wordpress\/plugins\/seo\/ -->\n<title>EON | Enrolamiento de colaboradores y beneficios a empleados.<\/title>\n<meta name=\"description\" content=\"Te ayudamos a integrar m\u00e1s \u00e1gilmente el talento adecuado y a implementar nuevos modelos de trabajo para gestionar los equipos v\u00eda remota.\" \/>\n<meta name=\"robots\" content=\"index, follow, max-snippet:-1, max-image-preview:large, max-video-preview:-1\" \/>\n<link rel=\"canonical\" href=\"https:\/\/eon.com.mx\/en\/industries\/collaborators-enrollment-and-employee-benefits\/\" \/>\n<meta property=\"og:locale\" content=\"en_US\" \/>\n<meta property=\"og:type\" content=\"article\" \/>\n<meta property=\"og:title\" content=\"EON | Enrolamiento de colaboradores y beneficios a empleados.\" \/>\n<meta property=\"og:description\" content=\"Te ayudamos a integrar m\u00e1s \u00e1gilmente el talento adecuado y a implementar nuevos modelos de trabajo para gestionar los equipos v\u00eda remota.\" \/>\n<meta property=\"og:url\" content=\"https:\/\/eon.com.mx\/en\/industries\/collaborators-enrollment-and-employee-benefits\/\" \/>\n<meta property=\"og:site_name\" content=\"EON\" \/>\n<meta property=\"article:modified_time\" content=\"2021-08-27T21:27:51+00:00\" \/>\n<meta property=\"og:image\" content=\"https:\/\/eon.com.mx\/wp-content\/uploads\/industrias-enrolamiento.jpg\" \/>\n\t<meta property=\"og:image:width\" content=\"1920\" \/>\n\t<meta property=\"og:image:height\" content=\"680\" \/>\n<meta name=\"twitter:card\" content=\"summary_large_image\" \/>\n<meta name=\"twitter:label1\" content=\"Est. reading time\" \/>\n\t<meta name=\"twitter:data1\" content=\"12 minutes\" \/>\n<script type=\"application\/ld+json\" class=\"yoast-schema-graph\">{\"@context\":\"https:\/\/schema.org\",\"@graph\":[{\"@type\":\"WebSite\",\"@id\":\"https:\/\/eon.com.mx\/#website\",\"url\":\"https:\/\/eon.com.mx\/\",\"name\":\"EON\",\"description\":\"Igniting Business\",\"potentialAction\":[{\"@type\":\"SearchAction\",\"target\":{\"@type\":\"EntryPoint\",\"urlTemplate\":\"https:\/\/eon.com.mx\/?s={search_term_string}\"},\"query-input\":\"required name=search_term_string\"}],\"inLanguage\":\"en-US\"},{\"@type\":\"ImageObject\",\"@id\":\"https:\/\/eon.com.mx\/en\/industries\/collaborators-enrollment-and-employee-benefits\/#primaryimage\",\"inLanguage\":\"en-US\",\"url\":\"https:\/\/eon.com.mx\/wp-content\/uploads\/industrias-enrolamiento.jpg\",\"contentUrl\":\"https:\/\/eon.com.mx\/wp-content\/uploads\/industrias-enrolamiento.jpg\",\"width\":1920,\"height\":680,\"caption\":\"Perm\\u00edtenos ayudarte a impulsar el ecosistema digital que tu empresa necesita.\"},{\"@type\":\"WebPage\",\"@id\":\"https:\/\/eon.com.mx\/en\/industries\/collaborators-enrollment-and-employee-benefits\/#webpage\",\"url\":\"https:\/\/eon.com.mx\/en\/industries\/collaborators-enrollment-and-employee-benefits\/\",\"name\":\"EON | Enrolamiento de colaboradores y beneficios a empleados.\",\"isPartOf\":{\"@id\":\"https:\/\/eon.com.mx\/#website\"},\"primaryImageOfPage\":{\"@id\":\"https:\/\/eon.com.mx\/en\/industries\/collaborators-enrollment-and-employee-benefits\/#primaryimage\"},\"datePublished\":\"2021-07-31T13:23:44+00:00\",\"dateModified\":\"2021-08-27T21:27:51+00:00\",\"description\":\"Te ayudamos a integrar m\\u00e1s \\u00e1gilmente el talento adecuado y a implementar nuevos modelos de trabajo para gestionar los equipos v\\u00eda remota.\",\"breadcrumb\":{\"@id\":\"https:\/\/eon.com.mx\/en\/industries\/collaborators-enrollment-and-employee-benefits\/#breadcrumb\"},\"inLanguage\":\"en-US\",\"potentialAction\":[{\"@type\":\"ReadAction\",\"target\":[\"https:\/\/eon.com.mx\/en\/industries\/collaborators-enrollment-and-employee-benefits\/\"]}]},{\"@type\":\"BreadcrumbList\",\"@id\":\"https:\/\/eon.com.mx\/en\/industries\/collaborators-enrollment-and-employee-benefits\/#breadcrumb\",\"itemListElement\":[{\"@type\":\"ListItem\",\"position\":1,\"name\":\"Inicio\",\"item\":\"https:\/\/eon.com.mx\/en\/home\/\"},{\"@type\":\"ListItem\",\"position\":2,\"name\":\"Industries\",\"item\":\"https:\/\/eon.com.mx\/en\/industries\/\"},{\"@type\":\"ListItem\",\"position\":3,\"name\":\"Collaborators enrollment and employee benefits\"}]}]}<\/script>\n<!-- \/ Yoast SEO plugin. -->","yoast_head_json":{"title":"EON | Enrolamiento de colaboradores y beneficios a empleados.","description":"Te ayudamos a integrar m\u00e1s \u00e1gilmente el talento adecuado y a implementar nuevos modelos de trabajo para gestionar los equipos v\u00eda remota.","robots":{"index":"index","follow":"follow","max-snippet":"max-snippet:-1","max-image-preview":"max-image-preview:large","max-video-preview":"max-video-preview:-1"},"canonical":"https:\/\/eon.com.mx\/en\/industries\/collaborators-enrollment-and-employee-benefits\/","og_locale":"en_US","og_type":"article","og_title":"EON | Enrolamiento de colaboradores y beneficios a empleados.","og_description":"Te ayudamos a integrar m\u00e1s \u00e1gilmente el talento adecuado y a implementar nuevos modelos de trabajo para gestionar los equipos v\u00eda remota.","og_url":"https:\/\/eon.com.mx\/en\/industries\/collaborators-enrollment-and-employee-benefits\/","og_site_name":"EON","article_modified_time":"2021-08-27T21:27:51+00:00","og_image":[{"width":1920,"height":680,"url":"https:\/\/eon.com.mx\/wp-content\/uploads\/industrias-enrolamiento.jpg","type":"image\/jpeg"}],"twitter_card":"summary_large_image","twitter_misc":{"Est. reading time":"12 minutes"},"schema":{"@context":"https:\/\/schema.org","@graph":[{"@type":"WebSite","@id":"https:\/\/eon.com.mx\/#website","url":"https:\/\/eon.com.mx\/","name":"EON","description":"Igniting Business","potentialAction":[{"@type":"SearchAction","target":{"@type":"EntryPoint","urlTemplate":"https:\/\/eon.com.mx\/?s={search_term_string}"},"query-input":"required name=search_term_string"}],"inLanguage":"en-US"},{"@type":"ImageObject","@id":"https:\/\/eon.com.mx\/en\/industries\/collaborators-enrollment-and-employee-benefits\/#primaryimage","inLanguage":"en-US","url":"https:\/\/eon.com.mx\/wp-content\/uploads\/industrias-enrolamiento.jpg","contentUrl":"https:\/\/eon.com.mx\/wp-content\/uploads\/industrias-enrolamiento.jpg","width":1920,"height":680,"caption":"Perm\u00edtenos ayudarte a impulsar el ecosistema digital que tu empresa necesita."},{"@type":"WebPage","@id":"https:\/\/eon.com.mx\/en\/industries\/collaborators-enrollment-and-employee-benefits\/#webpage","url":"https:\/\/eon.com.mx\/en\/industries\/collaborators-enrollment-and-employee-benefits\/","name":"EON | Enrolamiento de colaboradores y beneficios a empleados.","isPartOf":{"@id":"https:\/\/eon.com.mx\/#website"},"primaryImageOfPage":{"@id":"https:\/\/eon.com.mx\/en\/industries\/collaborators-enrollment-and-employee-benefits\/#primaryimage"},"datePublished":"2021-07-31T13:23:44+00:00","dateModified":"2021-08-27T21:27:51+00:00","description":"Te ayudamos a integrar m\u00e1s \u00e1gilmente el talento adecuado y a implementar nuevos modelos de trabajo para gestionar los equipos v\u00eda remota.","breadcrumb":{"@id":"https:\/\/eon.com.mx\/en\/industries\/collaborators-enrollment-and-employee-benefits\/#breadcrumb"},"inLanguage":"en-US","potentialAction":[{"@type":"ReadAction","target":["https:\/\/eon.com.mx\/en\/industries\/collaborators-enrollment-and-employee-benefits\/"]}]},{"@type":"BreadcrumbList","@id":"https:\/\/eon.com.mx\/en\/industries\/collaborators-enrollment-and-employee-benefits\/#breadcrumb","itemListElement":[{"@type":"ListItem","position":1,"name":"Inicio","item":"https:\/\/eon.com.mx\/en\/home\/"},{"@type":"ListItem","position":2,"name":"Industries","item":"https:\/\/eon.com.mx\/en\/industries\/"},{"@type":"ListItem","position":3,"name":"Collaborators enrollment and employee benefits"}]}]}},"_links":{"self":[{"href":"https:\/\/eon.com.mx\/en\/wp-json\/wp\/v2\/pages\/702","targetHints":{"allow":["GET"]}}],"collection":[{"href":"https:\/\/eon.com.mx\/en\/wp-json\/wp\/v2\/pages"}],"about":[{"href":"https:\/\/eon.com.mx\/en\/wp-json\/wp\/v2\/types\/page"}],"author":[{"embeddable":true,"href":"https:\/\/eon.com.mx\/en\/wp-json\/wp\/v2\/users\/4"}],"replies":[{"embeddable":true,"href":"https:\/\/eon.com.mx\/en\/wp-json\/wp\/v2\/comments?post=702"}],"version-history":[{"count":5,"href":"https:\/\/eon.com.mx\/en\/wp-json\/wp\/v2\/pages\/702\/revisions"}],"predecessor-version":[{"id":774,"href":"https:\/\/eon.com.mx\/en\/wp-json\/wp\/v2\/pages\/702\/revisions\/774"}],"up":[{"embeddable":true,"href":"https:\/\/eon.com.mx\/en\/wp-json\/wp\/v2\/pages\/696"}],"wp:featuredmedia":[{"embeddable":true,"href":"https:\/\/eon.com.mx\/en\/wp-json\/wp\/v2\/media\/612"}],"wp:attachment":[{"href":"https:\/\/eon.com.mx\/en\/wp-json\/wp\/v2\/media?parent=702"}],"curies":[{"name":"wp","href":"https:\/\/api.w.org\/{rel}","templated":true}]}}